{"id":2172,"date":"2022-04-28T13:24:25","date_gmt":"2022-04-28T13:24:25","guid":{"rendered":"https:\/\/nisiano.com\/vila\/"},"modified":"2023-07-14T15:36:53","modified_gmt":"2023-07-14T15:36:53","slug":"vila","status":"publish","type":"page","link":"https:\/\/nisiano.com\/ro\/vila\/","title":{"rendered":"Vil\u0103"},"content":{"rendered":"\t\t<div data-elementor-type=\"wp-page\" data-elementor-id=\"2172\" class=\"elementor elementor-2172 elementor-434\">\n\t\t\t\t\t\t\t\t\t<section class=\"elementor-section elementor-top-section elementor-element elementor-element-cb582dc elementor-section-full_width elementor-section-height-default elementor-section-height-default\" data-id=\"cb582dc\" data-element_type=\"section\" data-settings=\"{&quot;background_background&quot;:&quot;classic&quot;}\">\n\t\t\t\t\t\t<div class=\"elementor-container elementor-column-gap-no\">\n\t\t\t\t\t<div class=\"elementor-column elementor-col-100 elementor-top-column elementor-element elementor-element-ceaec10\" data-id=\"ceaec10\" data-element_type=\"column\">\n\t\t\t<div class=\"elementor-widget-wrap elementor-element-populated\">\n\t\t\t\t\t\t\t\t<div class=\"elementor-element elementor-element-ce01831 elementor-widget elementor-widget-spacer\" data-id=\"ce01831\" data-element_type=\"widget\" data-widget_type=\"spacer.default\">\n\t\t\t\t<div class=\"elementor-widget-container\">\n\t\t\t<style>\/*! elementor - v3.11.1 - 15-02-2023 *\/\n.elementor-column .elementor-spacer-inner{height:var(--spacer-size)}.e-con{--container-widget-width:100%}.e-con-inner>.elementor-widget-spacer,.e-con>.elementor-widget-spacer{width:var(--container-widget-width,var(--spacer-size));--align-self:var(--container-widget-align-self,initial);--flex-shrink:0}.e-con-inner>.elementor-widget-spacer>.elementor-widget-container,.e-con-inner>.elementor-widget-spacer>.elementor-widget-container>.elementor-spacer,.e-con>.elementor-widget-spacer>.elementor-widget-container,.e-con>.elementor-widget-spacer>.elementor-widget-container>.elementor-spacer{height:100%}.e-con-inner>.elementor-widget-spacer>.elementor-widget-container>.elementor-spacer>.elementor-spacer-inner,.e-con>.elementor-widget-spacer>.elementor-widget-container>.elementor-spacer>.elementor-spacer-inner{height:var(--container-widget-height,var(--spacer-size))}<\/style>\t\t<div class=\"elementor-spacer\">\n\t\t\t<div class=\"elementor-spacer-inner\"><\/div>\n\t\t<\/div>\n\t\t\t\t<\/div>\n\t\t\t\t<\/div>\n\t\t\t\t\t<\/div>\n\t\t<\/div>\n\t\t\t\t\t\t\t<\/div>\n\t\t<\/section>\n\t\t\t\t<section class=\"elementor-section elementor-top-section elementor-element elementor-element-d069dbf elementor-section-content-middle elementor-section-boxed elementor-section-height-default elementor-section-height-default\" data-id=\"d069dbf\" data-element_type=\"section\">\n\t\t\t\t\t\t<div class=\"elementor-container elementor-column-gap-default\">\n\t\t\t\t\t<div class=\"elementor-column elementor-col-33 elementor-top-column elementor-element elementor-element-31327a0\" data-id=\"31327a0\" data-element_type=\"column\">\n\t\t\t<div class=\"elementor-widget-wrap elementor-element-populated\">\n\t\t\t\t\t\t\t\t<div class=\"elementor-element elementor-element-0d39c27 elementor-widget-divider--view-line elementor-widget elementor-widget-divider\" data-id=\"0d39c27\" data-element_type=\"widget\" data-widget_type=\"divider.default\">\n\t\t\t\t<div class=\"elementor-widget-container\">\n\t\t\t<style>\/*! elementor - v3.11.1 - 15-02-2023 *\/\n.elementor-widget-divider{--divider-border-style:none;--divider-border-width:1px;--divider-color:#2c2c2c;--divider-icon-size:20px;--divider-element-spacing:10px;--divider-pattern-height:24px;--divider-pattern-size:20px;--divider-pattern-url:none;--divider-pattern-repeat:repeat-x}.elementor-widget-divider .elementor-divider{display:flex}.elementor-widget-divider .elementor-divider__text{font-size:15px;line-height:1;max-width:95%}.elementor-widget-divider .elementor-divider__element{margin:0 var(--divider-element-spacing);flex-shrink:0}.elementor-widget-divider .elementor-icon{font-size:var(--divider-icon-size)}.elementor-widget-divider .elementor-divider-separator{display:flex;margin:0;direction:ltr}.elementor-widget-divider--view-line_icon .elementor-divider-separator,.elementor-widget-divider--view-line_text .elementor-divider-separator{align-items:center}.elementor-widget-divider--view-line_icon .elementor-divider-separator:after,.elementor-widget-divider--view-line_icon .elementor-divider-separator:before,.elementor-widget-divider--view-line_text .elementor-divider-separator:after,.elementor-widget-divider--view-line_text .elementor-divider-separator:before{display:block;content:\"\";border-bottom:0;flex-grow:1;border-top:var(--divider-border-width) var(--divider-border-style) var(--divider-color)}.elementor-widget-divider--element-align-left .elementor-divider .elementor-divider-separator>.elementor-divider__svg:first-of-type{flex-grow:0;flex-shrink:100}.elementor-widget-divider--element-align-left .elementor-divider-separator:before{content:none}.elementor-widget-divider--element-align-left .elementor-divider__element{margin-left:0}.elementor-widget-divider--element-align-right .elementor-divider .elementor-divider-separator>.elementor-divider__svg:last-of-type{flex-grow:0;flex-shrink:100}.elementor-widget-divider--element-align-right .elementor-divider-separator:after{content:none}.elementor-widget-divider--element-align-right .elementor-divider__element{margin-right:0}.elementor-widget-divider:not(.elementor-widget-divider--view-line_text):not(.elementor-widget-divider--view-line_icon) .elementor-divider-separator{border-top:var(--divider-border-width) var(--divider-border-style) var(--divider-color)}.elementor-widget-divider--separator-type-pattern{--divider-border-style:none}.elementor-widget-divider--separator-type-pattern.elementor-widget-divider--view-line .elementor-divider-separator,.elementor-widget-divider--separator-type-pattern:not(.elementor-widget-divider--view-line) .elementor-divider-separator:after,.elementor-widget-divider--separator-type-pattern:not(.elementor-widget-divider--view-line) .elementor-divider-separator:before,.elementor-widget-divider--separator-type-pattern:not([class*=elementor-widget-divider--view]) .elementor-divider-separator{width:100%;min-height:var(--divider-pattern-height);-webkit-mask-size:var(--divider-pattern-size) 100%;mask-size:var(--divider-pattern-size) 100%;-webkit-mask-repeat:var(--divider-pattern-repeat);mask-repeat:var(--divider-pattern-repeat);background-color:var(--divider-color);-webkit-mask-image:var(--divider-pattern-url);mask-image:var(--divider-pattern-url)}.elementor-widget-divider--no-spacing{--divider-pattern-size:auto}.elementor-widget-divider--bg-round{--divider-pattern-repeat:round}.rtl .elementor-widget-divider .elementor-divider__text{direction:rtl}.e-con-inner>.elementor-widget-divider,.e-con>.elementor-widget-divider{width:var(--container-widget-width,100%);--flex-grow:var(--container-widget-flex-grow)}<\/style>\t\t<div class=\"elementor-divider\">\n\t\t\t<span class=\"elementor-divider-separator\">\n\t\t\t\t\t\t<\/span>\n\t\t<\/div>\n\t\t\t\t<\/div>\n\t\t\t\t<\/div>\n\t\t\t\t\t<\/div>\n\t\t<\/div>\n\t\t\t\t<div class=\"elementor-column elementor-col-33 elementor-top-column elementor-element elementor-element-0a73fc1\" data-id=\"0a73fc1\" data-element_type=\"column\">\n\t\t\t<div class=\"elementor-widget-wrap elementor-element-populated\">\n\t\t\t\t\t\t\t\t\t<\/div>\n\t\t<\/div>\n\t\t\t\t<div class=\"elementor-column elementor-col-33 elementor-top-column elementor-element elementor-element-981a498\" data-id=\"981a498\" data-element_type=\"column\">\n\t\t\t<div class=\"elementor-widget-wrap elementor-element-populated\">\n\t\t\t\t\t\t\t\t<div class=\"elementor-element elementor-element-6166527 elementor-align-right elementor-widget elementor-widget-button\" data-id=\"6166527\" data-element_type=\"widget\" data-widget_type=\"button.default\">\n\t\t\t\t<div class=\"elementor-widget-container\">\n\t\t\t\t\t<div class=\"elementor-button-wrapper\">\n\t\t\t<a href=\"https:\/\/nisiano.com\/ro\/calendar-de-rezervare\/\" class=\"elementor-button-link elementor-button elementor-size-lg\" role=\"button\">\n\t\t\t\t\t\t<span class=\"elementor-button-content-wrapper\">\n\t\t\t\t\t\t\t<span class=\"elementor-button-icon elementor-align-icon-right\">\n\t\t\t\t<i aria-hidden=\"true\" class=\"far fa-calendar-alt\"><\/i>\t\t\t<\/span>\n\t\t\t\t\t\t<span class=\"elementor-button-text\">Rezerva acum<\/span>\n\t\t<\/span>\n\t\t\t\t\t<\/a>\n\t\t<\/div>\n\t\t\t\t<\/div>\n\t\t\t\t<\/div>\n\t\t\t\t\t<\/div>\n\t\t<\/div>\n\t\t\t\t\t\t\t<\/div>\n\t\t<\/section>\n\t\t\t\t<section class=\"elementor-section elementor-top-section elementor-element elementor-element-0df94e8 elementor-section-content-middle elementor-section-boxed elementor-section-height-default elementor-section-height-default\" data-id=\"0df94e8\" data-element_type=\"section\">\n\t\t\t\t\t\t<div class=\"elementor-container elementor-column-gap-default\">\n\t\t\t\t\t<div class=\"elementor-column elementor-col-50 elementor-top-column elementor-element elementor-element-dd6076e\" data-id=\"dd6076e\" data-element_type=\"column\">\n\t\t\t<div class=\"elementor-widget-wrap elementor-element-populated\">\n\t\t\t\t\t\t\t\t<div class=\"elementor-element elementor-element-efcb9e2 elementor-widget elementor-widget-spacer\" data-id=\"efcb9e2\" data-element_type=\"widget\" data-widget_type=\"spacer.default\">\n\t\t\t\t<div class=\"elementor-widget-container\">\n\t\t\t\t\t<div class=\"elementor-spacer\">\n\t\t\t<div class=\"elementor-spacer-inner\"><\/div>\n\t\t<\/div>\n\t\t\t\t<\/div>\n\t\t\t\t<\/div>\n\t\t\t\t<div class=\"elementor-element elementor-element-f2d3492 elementor-widget elementor-widget-text-editor\" data-id=\"f2d3492\" data-element_type=\"widget\" data-widget_type=\"text-editor.default\">\n\t\t\t\t<div class=\"elementor-widget-container\">\n\t\t\t<style>\/*! elementor - v3.11.1 - 15-02-2023 *\/\n.elementor-widget-text-editor.elementor-drop-cap-view-stacked .elementor-drop-cap{background-color:#818a91;color:#fff}.elementor-widget-text-editor.elementor-drop-cap-view-framed .elementor-drop-cap{color:#818a91;border:3px solid;background-color:transparent}.elementor-widget-text-editor:not(.elementor-drop-cap-view-default) .elementor-drop-cap{margin-top:8px}.elementor-widget-text-editor:not(.elementor-drop-cap-view-default) .elementor-drop-cap-letter{width:1em;height:1em}.elementor-widget-text-editor .elementor-drop-cap{float:left;text-align:center;line-height:1;font-size:50px}.elementor-widget-text-editor .elementor-drop-cap-letter{display:inline-block}<\/style>\t\t\t\t<div data-width=\"604.992\" data-textformat=\"{\"size\":11}\">\n<div>\n<div><span data-text-len=\"41\">Casa are vedere la alte propriet\u0103\u021bi.<\/span><\/div>\n<div><span data-doc-id=\"255034000000017001\" data-doc-type=\"writer\">Pardoselile sunt din marmur\u0103 (parter) \u0219i laminate (etajul 1<\/span> ).<\/div>\n<div> <\/div>\n<div><span data-doc-id=\"255034000000017001\" data-doc-type=\"writer\">Din hol, buc\u0103t\u0103ria mare este dreapt\u0103 \u0219i apoi \u00een st\u00e2nga ta, iar baia mare \u0219i un dormitor cu pat de 160 cm * 200 cm sunt \u00een dreapta ta. Avem un mic depozit cu ma\u0219in\u0103 de sp\u0103lat \u0219i usc\u0103tor la parter.<\/span><\/div>\n<div> <\/div>\n<div><span data-doc-id=\"255034000000017001\" data-doc-type=\"writer\">Buc\u0103t\u0103ria se prezint\u0103 cu o insul\u0103 de luat masa pentru 5 persoane \u0219i o suprafa\u021b\u0103 mare de lucru \u00een fa\u021ba ferestrelor pentru o vedere minunat\u0103 a gr\u0103dinii. Buc\u0103t\u0103ria are o ma\u0219in\u0103 de sp\u0103lat vase, un frigider\/congelator, un pr\u0103jitor de p\u00e2ine, un aparat Nespresso, un cuptor cu microunde, o plit\u0103 \u0219i un cuptor.<\/span><\/div>\n<\/div>\n<div>\n<p data-linerule=\"auto\" data-line-height=\"1.0791666666666666\" data-margin-bottom=\"8.0pt\" data-doc-id=\"255034000000017001\" data-doc-type=\"writer\">Zona de living are o canapea mare pentru p\u00e2n\u0103 la 10 persoane. Este posibil s\u0103 dormi pe canapea.<\/p>\n<p data-linerule=\"auto\" data-line-height=\"1.0791666666666666\" data-margin-bottom=\"8.0pt\">Trec\u00e2nd prin dreptul sufrageriei, intri pe terasa de aproximativ 40 mp cu o mas\u0103 pentru 8 persoane \u0219i 2 scaune de relaxare.<\/p>\n<p>Terasa este orientat\u0103 spre sud \u0219i este soare de la pr\u00e2nz p\u00e2n\u0103 la apus. Un acoperi\u0219 din lemn de teras\u0103 v\u0103 ofer\u0103 umbr\u0103 toat\u0103 ziua.<\/p>\n<\/div>\n<div><span data-doc-id=\"255034000000017001\" data-doc-type=\"writer\">Pentru iubitorii de gr\u0103tar am construit o zon\u0103 de gr\u0103tar l\u00e2ng\u0103 teras\u0103.<\/span><\/div>\n<\/div>\n\t\t\t\t\t\t<\/div>\n\t\t\t\t<\/div>\n\t\t\t\t\t<\/div>\n\t\t<\/div>\n\t\t\t\t<div class=\"elementor-column elementor-col-50 elementor-top-column elementor-element elementor-element-428e3d8\" data-id=\"428e3d8\" data-element_type=\"column\">\n\t\t\t<div class=\"elementor-widget-wrap elementor-element-populated\">\n\t\t\t\t\t\t\t\t<div class=\"elementor-element elementor-element-792eb47 elementor-widget elementor-widget-image\" data-id=\"792eb47\" data-element_type=\"widget\" data-widget_type=\"image.default\">\n\t\t\t\t<div class=\"elementor-widget-container\">\n\t\t\t<style>\/*! elementor - v3.11.1 - 15-02-2023 *\/\n.elementor-widget-image{text-align:center}.elementor-widget-image a{display:inline-block}.elementor-widget-image a img[src$=\".svg\"]{width:48px}.elementor-widget-image img{vertical-align:middle;display:inline-block}<\/style>\t\t\t\t\t\t\t\t\t\t\t\t<img loading=\"lazy\" decoding=\"async\" width=\"800\" height=\"743\" src=\"https:\/\/nisiano.com\/wp-content\/uploads\/2022\/05\/nightview-1024x951.webp\" class=\"attachment-large size-large wp-image-1858\" alt=\"\" srcset=\"https:\/\/nisiano.com\/wp-content\/uploads\/2022\/05\/nightview-1024x951.webp 1024w, https:\/\/nisiano.com\/wp-content\/uploads\/2022\/05\/nightview-300x279.webp 300w, https:\/\/nisiano.com\/wp-content\/uploads\/2022\/05\/nightview-768x713.webp 768w, https:\/\/nisiano.com\/wp-content\/uploads\/2022\/05\/nightview.webp 1400w\" sizes=\"auto, (max-width: 800px) 100vw, 800px\" \/>\t\t\t\t\t\t\t\t\t\t\t\t\t\t\t<\/div>\n\t\t\t\t<\/div>\n\t\t\t\t\t<\/div>\n\t\t<\/div>\n\t\t\t\t\t\t\t<\/div>\n\t\t<\/section>\n\t\t\t\t<section class=\"elementor-section elementor-top-section elementor-element elementor-element-4bed4fa elementor-section-boxed elementor-section-height-default elementor-section-height-default\" data-id=\"4bed4fa\" data-element_type=\"section\">\n\t\t\t\t\t\t<div class=\"elementor-container elementor-column-gap-default\">\n\t\t\t\t\t<div class=\"elementor-column elementor-col-100 elementor-top-column elementor-element elementor-element-4414226\" data-id=\"4414226\" data-element_type=\"column\">\n\t\t\t<div class=\"elementor-widget-wrap elementor-element-populated\">\n\t\t\t\t\t\t\t\t<div class=\"elementor-element elementor-element-5d413de bdt-weather-layout-today elementor-widget elementor-widget-bdt-weather\" data-id=\"5d413de\" data-element_type=\"widget\" data-widget_type=\"bdt-weather.default\">\n\t\t\t\t<div class=\"elementor-widget-container\">\n\t\t\t\n\t\t<div class=\"bdt-weather\" id=\"bdt-weather-5d413de\" data-settings=\"{&quot;id&quot;:&quot;#bdt-weather-5d413de&quot;,&quot;dynamicBG&quot;:false,&quot;url&quot;:false}\">\n\t\t\t<div class=\"bdt-weather-container\">\n\n\t\t\t\t\t\t\t\t\t\n\t\t<div class=\"bdt-weather-today\">\n\t\t\t\t\t\t\t<div class=\"bdt-grid bdt-grid-collapse bdt-flex bdt-flex-middle\">\n\n\t\t\t\t\t<div class=\"bdt-width-3-5\">\n\n\t\t\t\t\t\t\t\t\t\t\t<div class=\"bdt-weather-title\">\n\t\t\t\t\t\t\t\t\t<span class=\"bdt-weather-city-name\">N\u00e9a Irakl\u00edtsa<\/span>\n\t\t\t\t\n\t\t\t\t\t\t\t<\/div>\n\t\t\n\t\n\t\t\t\t\t\t\t\t\t\t\t\t\t<div class=\"bdt-weather-today-temp\">17&#176;C<\/div>\n\t\t\t\t\t\t\n\t\t\t\t\t\t\t\t\t\t\t\t\t<div class=\"bdt-weather-today-name\">mar\u021bi<\/div>\n\t\t\t\t\t\t\t\t\t\t\t<\/div>\n\n\t\t\t\t\t\t\t\t\t\t\t<div class=\"bdt-width-2-5 bdt-text-center\">\n\t\t\t\t\t\t\t<div class=\"bdt-width-1-1\">\n\t\t\t\t\t\t\t\t<div class=\"bdt-weather-today-icon\">\n\t\t\t\t\t\t\t\t\t<span class=\"bdtw-122d\"><\/span>\t\t\t\t\t\t\t\t<\/div>\n\n\t\t\t\t\t\t\t\t\t\t\t\t\t\t\t\t\t<div class=\"bdt-weather-today-desc\">\n\t\t\t\t\t\t\t\t\t\tOvercast\t\t\t\t\t\t\t\t\t<\/div>\n\t\t\t\t\t\t\t\t\t\t\t\t\t\t\t<\/div>\n\t\t\t\t\t\t<\/div>\n\t\t\t\t\t\n\t\t\t\t<\/div>\n\t\t\t\n\t\t<\/div>\n\t\t\t\t\t<div class=\"bdt-weather-details bdt-grid bdt-grid-collapse\">\n\t\t\t\t<div class=\"bdt-width-1-3\">\n\t\t\t\t\t<div class=\"bdt-weather-today-humidity\">\n\t\t\t\t\t\t<span class=\"bdtw-humidity\"><\/span>\n\t\t\t\t\t\t84%\t\t\t\t\t<\/div>\n\t\t\t\t<\/div>\n\t\t\t\t<div class=\"bdt-width-1-3\">\n\t\t\t\t\t<div class=\"bdt-weather-today-pressure\">\n\t\t\t\t\t\t<span class=\"bdtw-pressure\"><\/span>\n\t\t\t\t\t\t1010\t\t\t\t\t<\/div>\n\t\t\t\t<\/div>\n\t\t\t\t<div class=\"bdt-width-1-3\">\n\t\t\t\t\t<div class=\"bdt-weather-today-wind\">\n\t\t\t\t\t\t<span class=\"bdtw-south-west\"><\/span>\n\t\t\t\t\t\t7.38 km\/h\t\t\t\t\t<\/div>\n\t\t\t\t<\/div>\n\t\t\t<\/div>\n\t\t\t\t\t\t\n\t\t\t<\/div>\n\t\t<\/div>\n\n\t\t\t<\/div>\n\t\t\t\t<\/div>\n\t\t\t\t\t<\/div>\n\t\t<\/div>\n\t\t\t\t\t\t\t<\/div>\n\t\t<\/section>\n\t\t\t\t<section class=\"elementor-section elementor-top-section elementor-element elementor-element-e8a7dab elementor-section-full_width elementor-section-height-default elementor-section-height-default\" data-id=\"e8a7dab\" data-element_type=\"section\">\n\t\t\t\t\t\t<div class=\"elementor-container elementor-column-gap-default\">\n\t\t\t\t\t<div class=\"elementor-column elementor-col-33 elementor-top-column elementor-element elementor-element-317f2a5\" data-id=\"317f2a5\" data-element_type=\"column\">\n\t\t\t<div class=\"elementor-widget-wrap elementor-element-populated\">\n\t\t\t\t\t\t\t\t<section data-ep-wrapper-link=\"{&quot;url&quot;:&quot;\\\/rooms&quot;,&quot;is_external&quot;:&quot;&quot;,&quot;nofollow&quot;:&quot;&quot;,&quot;custom_attributes&quot;:&quot;&quot;}\" style=\"cursor: pointer\" class=\"bdt-element-link elementor-section elementor-inner-section elementor-element elementor-element-35311f9 elementor-section-boxed elementor-section-height-default elementor-section-height-default\" data-id=\"35311f9\" data-element_type=\"section\" data-settings=\"{&quot;background_background&quot;:&quot;classic&quot;}\">\n\t\t\t\t\t\t<div class=\"elementor-container elementor-column-gap-default\">\n\t\t\t\t\t<div class=\"elementor-column elementor-col-100 elementor-inner-column elementor-element elementor-element-f4ce323\" data-id=\"f4ce323\" data-element_type=\"column\">\n\t\t\t<div class=\"elementor-widget-wrap elementor-element-populated\">\n\t\t\t\t\t\t\t\t<div class=\"elementor-element elementor-element-7b8971b elementor-widget elementor-widget-html\" data-id=\"7b8971b\" data-element_type=\"widget\" data-widget_type=\"html.default\">\n\t\t\t\t<div class=\"elementor-widget-container\">\n\t\t\t<div class=\"ttl2\"><h3>CAMERE<\/h3><\/div>\t\t<\/div>\n\t\t\t\t<\/div>\n\t\t\t\t\t<\/div>\n\t\t<\/div>\n\t\t\t\t\t\t\t<\/div>\n\t\t<\/section>\n\t\t\t\t\t<\/div>\n\t\t<\/div>\n\t\t\t\t<div class=\"elementor-column elementor-col-33 elementor-top-column elementor-element elementor-element-a5c94cd\" data-id=\"a5c94cd\" data-element_type=\"column\">\n\t\t\t<div class=\"elementor-widget-wrap elementor-element-populated\">\n\t\t\t\t\t\t\t\t<section data-ep-wrapper-link=\"{&quot;url&quot;:&quot;\\\/outdoor&quot;,&quot;is_external&quot;:&quot;&quot;,&quot;nofollow&quot;:&quot;&quot;,&quot;custom_attributes&quot;:&quot;&quot;}\" style=\"cursor: pointer\" class=\"bdt-element-link elementor-section elementor-inner-section elementor-element elementor-element-f7d4da5 elementor-section-boxed elementor-section-height-default elementor-section-height-default\" data-id=\"f7d4da5\" data-element_type=\"section\" data-settings=\"{&quot;background_background&quot;:&quot;classic&quot;}\">\n\t\t\t\t\t\t<div class=\"elementor-container elementor-column-gap-default\">\n\t\t\t\t\t<div class=\"elementor-column elementor-col-100 elementor-inner-column elementor-element elementor-element-367d96f\" data-id=\"367d96f\" data-element_type=\"column\">\n\t\t\t<div class=\"elementor-widget-wrap elementor-element-populated\">\n\t\t\t\t\t\t\t\t<div class=\"elementor-element elementor-element-84ed868 elementor-widget elementor-widget-html\" data-id=\"84ed868\" data-element_type=\"widget\" data-widget_type=\"html.default\">\n\t\t\t\t<div class=\"elementor-widget-container\">\n\t\t\t<div class=\"ttl2\"><h3>\u00ceN AER LIBER<\/h3><\/div>\t\t<\/div>\n\t\t\t\t<\/div>\n\t\t\t\t\t<\/div>\n\t\t<\/div>\n\t\t\t\t\t\t\t<\/div>\n\t\t<\/section>\n\t\t\t\t\t<\/div>\n\t\t<\/div>\n\t\t\t\t<div class=\"elementor-column elementor-col-33 elementor-top-column elementor-element elementor-element-2bb0997\" data-id=\"2bb0997\" data-element_type=\"column\">\n\t\t\t<div class=\"elementor-widget-wrap elementor-element-populated\">\n\t\t\t\t\t\t\t\t<section data-ep-wrapper-link=\"{&quot;url&quot;:&quot;\\\/amenities&quot;,&quot;is_external&quot;:&quot;&quot;,&quot;nofollow&quot;:&quot;&quot;,&quot;custom_attributes&quot;:&quot;&quot;}\" style=\"cursor: pointer\" class=\"bdt-element-link elementor-section elementor-inner-section elementor-element elementor-element-a1d6406 elementor-section-boxed elementor-section-height-default elementor-section-height-default\" data-id=\"a1d6406\" data-element_type=\"section\" data-settings=\"{&quot;background_background&quot;:&quot;classic&quot;}\">\n\t\t\t\t\t\t<div class=\"elementor-container elementor-column-gap-default\">\n\t\t\t\t\t<div class=\"elementor-column elementor-col-100 elementor-inner-column elementor-element elementor-element-9b827a5\" data-id=\"9b827a5\" data-element_type=\"column\">\n\t\t\t<div class=\"elementor-widget-wrap elementor-element-populated\">\n\t\t\t\t\t\t\t\t<div class=\"elementor-element elementor-element-77a54a9 elementor-widget elementor-widget-html\" data-id=\"77a54a9\" data-element_type=\"widget\" data-widget_type=\"html.default\">\n\t\t\t\t<div class=\"elementor-widget-container\">\n\t\t\t<div class=\"ttl2\"><h3>facilit\u0103\u021bi<\/h3><\/div>\t\t<\/div>\n\t\t\t\t<\/div>\n\t\t\t\t\t<\/div>\n\t\t<\/div>\n\t\t\t\t\t\t\t<\/div>\n\t\t<\/section>\n\t\t\t\t\t<\/div>\n\t\t<\/div>\n\t\t\t\t\t\t\t<\/div>\n\t\t<\/section>\n\t\t\t\t\t\t\t<\/div>\n\t\t","protected":false},"excerpt":{"rendered":"<p>Rezerva acum Casa are vedere la alte propriet\u0103\u021bi. Pardoselile sunt din marmur\u0103 (parter) \u0219i laminate (etajul 1 ). Din hol, buc\u0103t\u0103ria mare este dreapt\u0103 \u0219i apoi \u00een st\u00e2nga ta, iar baia mare \u0219i un dormitor cu pat de 160 cm * 200 cm sunt \u00een dreapta ta. Avem un mic depozit cu ma\u0219in\u0103 de sp\u0103lat [&hellip;]<\/p>\n","protected":false},"author":1,"featured_media":0,"parent":0,"menu_order":0,"comment_status":"closed","ping_status":"closed","template":"elementor_header_footer","meta":{"footnotes":""},"class_list":["post-2172","page","type-page","status-publish","hentry"],"_links":{"self":[{"href":"https:\/\/nisiano.com\/ro\/wp-json\/wp\/v2\/pages\/2172","targetHints":{"allow":["GET"]}}],"collection":[{"href":"https:\/\/nisiano.com\/ro\/wp-json\/wp\/v2\/pages"}],"about":[{"href":"https:\/\/nisiano.com\/ro\/wp-json\/wp\/v2\/types\/page"}],"author":[{"embeddable":true,"href":"https:\/\/nisiano.com\/ro\/wp-json\/wp\/v2\/users\/1"}],"replies":[{"embeddable":true,"href":"https:\/\/nisiano.com\/ro\/wp-json\/wp\/v2\/comments?post=2172"}],"version-history":[{"count":2,"href":"https:\/\/nisiano.com\/ro\/wp-json\/wp\/v2\/pages\/2172\/revisions"}],"predecessor-version":[{"id":2528,"href":"https:\/\/nisiano.com\/ro\/wp-json\/wp\/v2\/pages\/2172\/revisions\/2528"}],"wp:attachment":[{"href":"https:\/\/nisiano.com\/ro\/wp-json\/wp\/v2\/media?parent=2172"}],"curies":[{"name":"wp","href":"https:\/\/api.w.org\/{rel}","templated":true}]}}