{"id":2121,"date":"2022-05-05T15:27:01","date_gmt":"2022-05-05T15:27:01","guid":{"rendered":"https:\/\/nisiano.com\/sfaturi-pentru-locatie-si-zona\/"},"modified":"2022-05-15T08:06:23","modified_gmt":"2022-05-15T08:06:23","slug":"sfaturi-pentru-locatie-si-zona","status":"publish","type":"page","link":"https:\/\/nisiano.com\/ro\/sfaturi-pentru-locatie-si-zona\/","title":{"rendered":"Sfaturi pentru loca\u021bie \u0219i zon\u0103"},"content":{"rendered":"\t\t<div data-elementor-type=\"wp-page\" data-elementor-id=\"2121\" class=\"elementor elementor-2121 elementor-1718\">\n\t\t\t\t\t\t\t\t\t<section class=\"elementor-section elementor-top-section elementor-element elementor-element-7739258 elementor-section-full_width elementor-section-height-default elementor-section-height-default\" data-id=\"7739258\" data-element_type=\"section\" data-settings=\"{&quot;background_background&quot;:&quot;classic&quot;}\">\n\t\t\t\t\t\t<div class=\"elementor-container elementor-column-gap-no\">\n\t\t\t\t\t<div class=\"elementor-column elementor-col-100 elementor-top-column elementor-element elementor-element-0b786b8\" data-id=\"0b786b8\" data-element_type=\"column\">\n\t\t\t<div class=\"elementor-widget-wrap elementor-element-populated\">\n\t\t\t\t\t\t\t\t<div class=\"elementor-element elementor-element-9b8895c elementor-widget elementor-widget-spacer\" data-id=\"9b8895c\" data-element_type=\"widget\" data-widget_type=\"spacer.default\">\n\t\t\t\t<div class=\"elementor-widget-container\">\n\t\t\t<style>\/*! elementor - v3.11.1 - 15-02-2023 *\/\n.elementor-column .elementor-spacer-inner{height:var(--spacer-size)}.e-con{--container-widget-width:100%}.e-con-inner>.elementor-widget-spacer,.e-con>.elementor-widget-spacer{width:var(--container-widget-width,var(--spacer-size));--align-self:var(--container-widget-align-self,initial);--flex-shrink:0}.e-con-inner>.elementor-widget-spacer>.elementor-widget-container,.e-con-inner>.elementor-widget-spacer>.elementor-widget-container>.elementor-spacer,.e-con>.elementor-widget-spacer>.elementor-widget-container,.e-con>.elementor-widget-spacer>.elementor-widget-container>.elementor-spacer{height:100%}.e-con-inner>.elementor-widget-spacer>.elementor-widget-container>.elementor-spacer>.elementor-spacer-inner,.e-con>.elementor-widget-spacer>.elementor-widget-container>.elementor-spacer>.elementor-spacer-inner{height:var(--container-widget-height,var(--spacer-size))}<\/style>\t\t<div class=\"elementor-spacer\">\n\t\t\t<div class=\"elementor-spacer-inner\"><\/div>\n\t\t<\/div>\n\t\t\t\t<\/div>\n\t\t\t\t<\/div>\n\t\t\t\t\t<\/div>\n\t\t<\/div>\n\t\t\t\t\t\t\t<\/div>\n\t\t<\/section>\n\t\t\t\t<section class=\"elementor-section elementor-top-section elementor-element elementor-element-04a26df elementor-section-full_width elementor-section-height-default elementor-section-height-default\" data-id=\"04a26df\" data-element_type=\"section\">\n\t\t\t\t\t\t<div class=\"elementor-container elementor-column-gap-no\">\n\t\t\t\t\t<div class=\"elementor-column elementor-col-100 elementor-top-column elementor-element elementor-element-98546bf\" data-id=\"98546bf\" data-element_type=\"column\">\n\t\t\t<div class=\"elementor-widget-wrap elementor-element-populated\">\n\t\t\t\t\t\t\t\t<div class=\"elementor-element elementor-element-5774e89 elementor-widget-divider--view-line elementor-widget elementor-widget-divider\" data-id=\"5774e89\" data-element_type=\"widget\" data-widget_type=\"divider.default\">\n\t\t\t\t<div class=\"elementor-widget-container\">\n\t\t\t<style>\/*! elementor - v3.11.1 - 15-02-2023 *\/\n.elementor-widget-divider{--divider-border-style:none;--divider-border-width:1px;--divider-color:#2c2c2c;--divider-icon-size:20px;--divider-element-spacing:10px;--divider-pattern-height:24px;--divider-pattern-size:20px;--divider-pattern-url:none;--divider-pattern-repeat:repeat-x}.elementor-widget-divider .elementor-divider{display:flex}.elementor-widget-divider .elementor-divider__text{font-size:15px;line-height:1;max-width:95%}.elementor-widget-divider .elementor-divider__element{margin:0 var(--divider-element-spacing);flex-shrink:0}.elementor-widget-divider .elementor-icon{font-size:var(--divider-icon-size)}.elementor-widget-divider .elementor-divider-separator{display:flex;margin:0;direction:ltr}.elementor-widget-divider--view-line_icon .elementor-divider-separator,.elementor-widget-divider--view-line_text .elementor-divider-separator{align-items:center}.elementor-widget-divider--view-line_icon .elementor-divider-separator:after,.elementor-widget-divider--view-line_icon .elementor-divider-separator:before,.elementor-widget-divider--view-line_text .elementor-divider-separator:after,.elementor-widget-divider--view-line_text .elementor-divider-separator:before{display:block;content:\"\";border-bottom:0;flex-grow:1;border-top:var(--divider-border-width) var(--divider-border-style) var(--divider-color)}.elementor-widget-divider--element-align-left .elementor-divider .elementor-divider-separator>.elementor-divider__svg:first-of-type{flex-grow:0;flex-shrink:100}.elementor-widget-divider--element-align-left .elementor-divider-separator:before{content:none}.elementor-widget-divider--element-align-left .elementor-divider__element{margin-left:0}.elementor-widget-divider--element-align-right .elementor-divider .elementor-divider-separator>.elementor-divider__svg:last-of-type{flex-grow:0;flex-shrink:100}.elementor-widget-divider--element-align-right .elementor-divider-separator:after{content:none}.elementor-widget-divider--element-align-right .elementor-divider__element{margin-right:0}.elementor-widget-divider:not(.elementor-widget-divider--view-line_text):not(.elementor-widget-divider--view-line_icon) .elementor-divider-separator{border-top:var(--divider-border-width) var(--divider-border-style) var(--divider-color)}.elementor-widget-divider--separator-type-pattern{--divider-border-style:none}.elementor-widget-divider--separator-type-pattern.elementor-widget-divider--view-line .elementor-divider-separator,.elementor-widget-divider--separator-type-pattern:not(.elementor-widget-divider--view-line) .elementor-divider-separator:after,.elementor-widget-divider--separator-type-pattern:not(.elementor-widget-divider--view-line) .elementor-divider-separator:before,.elementor-widget-divider--separator-type-pattern:not([class*=elementor-widget-divider--view]) .elementor-divider-separator{width:100%;min-height:var(--divider-pattern-height);-webkit-mask-size:var(--divider-pattern-size) 100%;mask-size:var(--divider-pattern-size) 100%;-webkit-mask-repeat:var(--divider-pattern-repeat);mask-repeat:var(--divider-pattern-repeat);background-color:var(--divider-color);-webkit-mask-image:var(--divider-pattern-url);mask-image:var(--divider-pattern-url)}.elementor-widget-divider--no-spacing{--divider-pattern-size:auto}.elementor-widget-divider--bg-round{--divider-pattern-repeat:round}.rtl .elementor-widget-divider .elementor-divider__text{direction:rtl}.e-con-inner>.elementor-widget-divider,.e-con>.elementor-widget-divider{width:var(--container-widget-width,100%);--flex-grow:var(--container-widget-flex-grow)}<\/style>\t\t<div class=\"elementor-divider\">\n\t\t\t<span class=\"elementor-divider-separator\">\n\t\t\t\t\t\t<\/span>\n\t\t<\/div>\n\t\t\t\t<\/div>\n\t\t\t\t<\/div>\n\t\t\t\t\t<\/div>\n\t\t<\/div>\n\t\t\t\t\t\t\t<\/div>\n\t\t<\/section>\n\t\t\t\t<section class=\"elementor-section elementor-top-section elementor-element elementor-element-7ba2061 elementor-section-boxed elementor-section-height-default elementor-section-height-default\" data-id=\"7ba2061\" data-element_type=\"section\">\n\t\t\t\t\t\t<div class=\"elementor-container elementor-column-gap-default\">\n\t\t\t\t\t<div class=\"elementor-column elementor-col-100 elementor-top-column elementor-element elementor-element-be4cc23\" data-id=\"be4cc23\" data-element_type=\"column\">\n\t\t\t<div class=\"elementor-widget-wrap elementor-element-populated\">\n\t\t\t\t\t\t\t\t<div class=\"elementor-element elementor-element-76ca5cd elementor-widget elementor-widget-google_maps\" data-id=\"76ca5cd\" data-element_type=\"widget\" data-widget_type=\"google_maps.default\">\n\t\t\t\t<div class=\"elementor-widget-container\">\n\t\t\t<style>\/*! elementor - v3.11.1 - 15-02-2023 *\/\n.elementor-widget-google_maps .elementor-widget-container{overflow:hidden}.elementor-widget-google_maps .elementor-custom-embed{line-height:0}.elementor-widget-google_maps iframe{height:300px}<\/style>\t\t<div class=\"elementor-custom-embed\">\n\t\t\t<iframe loading=\"lazy\"\n\t\t\t\t\tsrc=\"https:\/\/maps.google.com\/maps?q=Makedonias%2040%2C%20Nea%20Iraklitsa%20640%2007%2C%20Greece&#038;t=m&#038;z=13&#038;output=embed&#038;iwloc=near\"\n\t\t\t\t\ttitle=\"Makedonias 40, Nea Iraklitsa 640 07, Greece\"\n\t\t\t\t\taria-label=\"Makedonias 40, Nea Iraklitsa 640 07, Greece\"\n\t\t\t><\/iframe>\n\t\t<\/div>\n\t\t\t\t<\/div>\n\t\t\t\t<\/div>\n\t\t\t\t\t<\/div>\n\t\t<\/div>\n\t\t\t\t\t\t\t<\/div>\n\t\t<\/section>\n\t\t\t\t<section class=\"elementor-section elementor-top-section elementor-element elementor-element-8bf05fa elementor-section-content-middle elementor-section-boxed elementor-section-height-default elementor-section-height-default\" data-id=\"8bf05fa\" data-element_type=\"section\">\n\t\t\t\t\t\t<div class=\"elementor-container elementor-column-gap-default\">\n\t\t\t\t\t<div class=\"elementor-column elementor-col-50 elementor-top-column elementor-element elementor-element-2481e5a\" data-id=\"2481e5a\" data-element_type=\"column\">\n\t\t\t<div class=\"elementor-widget-wrap elementor-element-populated\">\n\t\t\t\t\t\t\t\t<div class=\"elementor-element elementor-element-6b995bc elementor-widget elementor-widget-text-editor\" data-id=\"6b995bc\" data-element_type=\"widget\" data-widget_type=\"text-editor.default\">\n\t\t\t\t<div class=\"elementor-widget-container\">\n\t\t\t<style>\/*! elementor - v3.11.1 - 15-02-2023 *\/\n.elementor-widget-text-editor.elementor-drop-cap-view-stacked .elementor-drop-cap{background-color:#818a91;color:#fff}.elementor-widget-text-editor.elementor-drop-cap-view-framed .elementor-drop-cap{color:#818a91;border:3px solid;background-color:transparent}.elementor-widget-text-editor:not(.elementor-drop-cap-view-default) .elementor-drop-cap{margin-top:8px}.elementor-widget-text-editor:not(.elementor-drop-cap-view-default) .elementor-drop-cap-letter{width:1em;height:1em}.elementor-widget-text-editor .elementor-drop-cap{float:left;text-align:center;line-height:1;font-size:50px}.elementor-widget-text-editor .elementor-drop-cap-letter{display:inline-block}<\/style>\t\t\t\t<p>Distan\u021ba de la centrul ora\u0219ului Kavala: 12 km<\/p><p>Distan\u021ba p\u00e2n\u0103 la plaja \u0219i mare Nea Iraklitsa: 200 m<\/p><p>Distan\u021ba p\u00e2n\u0103 la plaja Nea Peramos Amolofoi: 8,3 km (13 min cu ma\u0219ina)<\/p><p>Distan\u021ba p\u00e2n\u0103 la urm\u0103torul supermarket (Lidl): 450 m (5 minute de mers pe jos)<\/p><p>Distan\u021ba p\u00e2n\u0103 la urm\u0103torul bancomat: 450m (l\u00e2ng\u0103 Lidl)<\/p><p>Distan\u021ba p\u00e2n\u0103 la portul Nea Iraklitsa: 2,2 km, 4 minute cu ma\u0219ina, 22 minute pe jos<\/p><p>Distan\u021ba p\u00e2n\u0103 la aeroportul Kavala: 50 km (36 min cu ma\u0219ina)<\/p><p>Distan\u021ba p\u00e2n\u0103 la Aeroportul Salonic: 159 km (1 h 33 min cu ma\u0219ina)<\/p><p>Distan\u021ba p\u00e2n\u0103 la urm\u0103torul spital: 16 km (15 min cu ma\u0219ina) Spitalul general din Kavala<\/p>\t\t\t\t\t\t<\/div>\n\t\t\t\t<\/div>\n\t\t\t\t<div class=\"elementor-element elementor-element-08706b1 bdt-weather-layout-today elementor-widget elementor-widget-bdt-weather\" data-id=\"08706b1\" data-element_type=\"widget\" data-widget_type=\"bdt-weather.default\">\n\t\t\t\t<div class=\"elementor-widget-container\">\n\t\t\t\n\t\t<div class=\"bdt-weather\" id=\"bdt-weather-08706b1\" data-settings=\"{&quot;id&quot;:&quot;#bdt-weather-08706b1&quot;,&quot;dynamicBG&quot;:false,&quot;url&quot;:false}\">\n\t\t\t<div class=\"bdt-weather-container\">\n\n\t\t\t\t\t\t\t\t\t\n\t\t<div class=\"bdt-weather-today\">\n\t\t\t\t\t\t\t<div class=\"bdt-grid bdt-grid-collapse bdt-flex bdt-flex-middle\">\n\n\t\t\t\t\t<div class=\"bdt-width-3-5\">\n\n\t\t\t\t\t\t\t\t\t\t\t<div class=\"bdt-weather-title\">\n\t\t\t\t\t\t\t\t\t<span class=\"bdt-weather-city-name\">N\u00e9a Irakl\u00edtsa<\/span>\n\t\t\t\t\n\t\t\t\t\t\t\t<\/div>\n\t\t\n\t\n\t\t\t\t\t\t\t\t\t\t\t\t\t<div class=\"bdt-weather-today-temp\">18&#176;C<\/div>\n\t\t\t\t\t\t\n\t\t\t\t\t\t\t\t\t\t\t\t\t<div class=\"bdt-weather-today-name\">mar\u021bi<\/div>\n\t\t\t\t\t\t\t\t\t\t\t<\/div>\n\n\t\t\t\t\t\t\t\t\t\t\t<div class=\"bdt-width-2-5 bdt-text-center\">\n\t\t\t\t\t\t\t<div class=\"bdt-width-1-1\">\n\t\t\t\t\t\t\t\t<div class=\"bdt-weather-today-icon\">\n\t\t\t\t\t\t\t\t\t<span class=\"bdtw-122d\"><\/span>\t\t\t\t\t\t\t\t<\/div>\n\n\t\t\t\t\t\t\t\t\t\t\t\t\t\t\t\t\t<div class=\"bdt-weather-today-desc\">\n\t\t\t\t\t\t\t\t\t\tOvercast\t\t\t\t\t\t\t\t\t<\/div>\n\t\t\t\t\t\t\t\t\t\t\t\t\t\t\t<\/div>\n\t\t\t\t\t\t<\/div>\n\t\t\t\t\t\n\t\t\t\t<\/div>\n\t\t\t\n\t\t<\/div>\n\t\t\t\t\t<div class=\"bdt-weather-details bdt-grid bdt-grid-collapse\">\n\t\t\t\t<div class=\"bdt-width-1-3\">\n\t\t\t\t\t<div class=\"bdt-weather-today-humidity\">\n\t\t\t\t\t\t<span class=\"bdtw-humidity\"><\/span>\n\t\t\t\t\t\t79%\t\t\t\t\t<\/div>\n\t\t\t\t<\/div>\n\t\t\t\t<div class=\"bdt-width-1-3\">\n\t\t\t\t\t<div class=\"bdt-weather-today-pressure\">\n\t\t\t\t\t\t<span class=\"bdtw-pressure\"><\/span>\n\t\t\t\t\t\t1011\t\t\t\t\t<\/div>\n\t\t\t\t<\/div>\n\t\t\t\t<div class=\"bdt-width-1-3\">\n\t\t\t\t\t<div class=\"bdt-weather-today-wind\">\n\t\t\t\t\t\t<span class=\"bdtw-south-east\"><\/span>\n\t\t\t\t\t\t7.488 km\/h\t\t\t\t\t<\/div>\n\t\t\t\t<\/div>\n\t\t\t<\/div>\n\t\t\t\t\t\t\n\t\t\t<\/div>\n\t\t<\/div>\n\n\t\t\t<\/div>\n\t\t\t\t<\/div>\n\t\t\t\t\t<\/div>\n\t\t<\/div>\n\t\t\t\t<div class=\"elementor-column elementor-col-50 elementor-top-column elementor-element elementor-element-4f13e85\" data-id=\"4f13e85\" data-element_type=\"column\">\n\t\t\t<div class=\"elementor-widget-wrap elementor-element-populated\">\n\t\t\t\t\t\t\t\t<div class=\"elementor-element elementor-element-15eab6c elementor-widget elementor-widget-image\" data-id=\"15eab6c\" data-element_type=\"widget\" data-widget_type=\"image.default\">\n\t\t\t\t<div class=\"elementor-widget-container\">\n\t\t\t<style>\/*! elementor - v3.11.1 - 15-02-2023 *\/\n.elementor-widget-image{text-align:center}.elementor-widget-image a{display:inline-block}.elementor-widget-image a img[src$=\".svg\"]{width:48px}.elementor-widget-image img{vertical-align:middle;display:inline-block}<\/style>\t\t\t\t\t\t\t\t\t\t\t\t<img loading=\"lazy\" decoding=\"async\" width=\"800\" height=\"833\" src=\"https:\/\/nisiano.com\/wp-content\/uploads\/2022\/05\/HOME2-983x1024.webp\" class=\"attachment-large size-large wp-image-1483\" alt=\"\" srcset=\"https:\/\/nisiano.com\/wp-content\/uploads\/2022\/05\/HOME2-983x1024.webp 983w, https:\/\/nisiano.com\/wp-content\/uploads\/2022\/05\/HOME2-288x300.webp 288w, https:\/\/nisiano.com\/wp-content\/uploads\/2022\/05\/HOME2-768x800.webp 768w, https:\/\/nisiano.com\/wp-content\/uploads\/2022\/05\/HOME2.webp 1200w\" sizes=\"auto, (max-width: 800px) 100vw, 800px\" \/>\t\t\t\t\t\t\t\t\t\t\t\t\t\t\t<\/div>\n\t\t\t\t<\/div>\n\t\t\t\t\t<\/div>\n\t\t<\/div>\n\t\t\t\t\t\t\t<\/div>\n\t\t<\/section>\n\t\t\t\t\t\t\t<\/div>\n\t\t","protected":false},"excerpt":{"rendered":"<p>Distan\u021ba de la centrul ora\u0219ului Kavala: 12 km Distan\u021ba p\u00e2n\u0103 la plaja \u0219i mare Nea Iraklitsa: 200 m Distan\u021ba p\u00e2n\u0103 la plaja Nea Peramos Amolofoi: 8,3 km (13 min cu ma\u0219ina) Distan\u021ba p\u00e2n\u0103 la urm\u0103torul supermarket (Lidl): 450 m (5 minute de mers pe jos) Distan\u021ba p\u00e2n\u0103 la urm\u0103torul bancomat: 450m (l\u00e2ng\u0103 Lidl) Distan\u021ba p\u00e2n\u0103 [&hellip;]<\/p>\n","protected":false},"author":1,"featured_media":0,"parent":0,"menu_order":0,"comment_status":"closed","ping_status":"closed","template":"elementor_header_footer","meta":{"footnotes":""},"class_list":["post-2121","page","type-page","status-publish","hentry"],"_links":{"self":[{"href":"https:\/\/nisiano.com\/ro\/wp-json\/wp\/v2\/pages\/2121","targetHints":{"allow":["GET"]}}],"collection":[{"href":"https:\/\/nisiano.com\/ro\/wp-json\/wp\/v2\/pages"}],"about":[{"href":"https:\/\/nisiano.com\/ro\/wp-json\/wp\/v2\/types\/page"}],"author":[{"embeddable":true,"href":"https:\/\/nisiano.com\/ro\/wp-json\/wp\/v2\/users\/1"}],"replies":[{"embeddable":true,"href":"https:\/\/nisiano.com\/ro\/wp-json\/wp\/v2\/comments?post=2121"}],"version-history":[{"count":1,"href":"https:\/\/nisiano.com\/ro\/wp-json\/wp\/v2\/pages\/2121\/revisions"}],"predecessor-version":[{"id":2122,"href":"https:\/\/nisiano.com\/ro\/wp-json\/wp\/v2\/pages\/2121\/revisions\/2122"}],"wp:attachment":[{"href":"https:\/\/nisiano.com\/ro\/wp-json\/wp\/v2\/media?parent=2121"}],"curies":[{"name":"wp","href":"https:\/\/api.w.org\/{rel}","templated":true}]}}