{"id":2113,"date":"2022-05-13T14:51:16","date_gmt":"2022-05-13T14:51:16","guid":{"rendered":"https:\/\/nisiano.com\/imprima\/"},"modified":"2022-05-15T08:04:47","modified_gmt":"2022-05-15T08:04:47","slug":"imprima","status":"publish","type":"page","link":"https:\/\/nisiano.com\/ro\/imprima\/","title":{"rendered":"Imprima"},"content":{"rendered":"\t\t<div data-elementor-type=\"wp-page\" data-elementor-id=\"2113\" class=\"elementor elementor-2113 elementor-2015\">\n\t\t\t\t\t\t\t\t\t<section class=\"elementor-section elementor-top-section elementor-element elementor-element-dd92770 elementor-section-boxed elementor-section-height-default elementor-section-height-default\" data-id=\"dd92770\" data-element_type=\"section\">\n\t\t\t\t\t\t<div class=\"elementor-container elementor-column-gap-default\">\n\t\t\t\t\t<div class=\"elementor-column elementor-col-100 elementor-top-column elementor-element elementor-element-c4d9bf8\" data-id=\"c4d9bf8\" data-element_type=\"column\">\n\t\t\t<div class=\"elementor-widget-wrap elementor-element-populated\">\n\t\t\t\t\t\t\t\t<div class=\"elementor-element elementor-element-b1a15ce elementor-widget elementor-widget-text-editor\" data-id=\"b1a15ce\" data-element_type=\"widget\" data-widget_type=\"text-editor.default\">\n\t\t\t\t<div class=\"elementor-widget-container\">\n\t\t\t<style>\/*! elementor - v3.11.1 - 15-02-2023 *\/\n.elementor-widget-text-editor.elementor-drop-cap-view-stacked .elementor-drop-cap{background-color:#818a91;color:#fff}.elementor-widget-text-editor.elementor-drop-cap-view-framed .elementor-drop-cap{color:#818a91;border:3px solid;background-color:transparent}.elementor-widget-text-editor:not(.elementor-drop-cap-view-default) .elementor-drop-cap{margin-top:8px}.elementor-widget-text-editor:not(.elementor-drop-cap-view-default) .elementor-drop-cap-letter{width:1em;height:1em}.elementor-widget-text-editor .elementor-drop-cap{float:left;text-align:center;line-height:1;font-size:50px}.elementor-widget-text-editor .elementor-drop-cap-letter{display:inline-block}<\/style>\t\t\t\t<h1><strong>Vila Nisiano<\/strong><\/h1>\n<p class=\"zw-paragraph heading6088568\" data-linerule=\"auto\" data-line-height=\"1\" data-header=\"6088568\" data-margin-bottom=\"14pt\" data-margin-top=\"14pt\" data-hd-info=\"6088568\"><b>Helena Saldanha<\/b><br class=\"zw-br\"><b>Adres\u0103:<\/b> Am M\u00fchlbach 1 \/B, 85748 Garching<br class=\"zw-br\">Manager responsabil Helena Saldanha<\/p>\n<p class=\"zw-paragraph heading6088568\" data-linerule=\"auto\" data-line-height=\"1\" data-header=\"6088568\" data-margin-bottom=\"14pt\" data-margin-top=\"14pt\" data-hd-info=\"6088568\"><b>Tel:<\/b> +491772541807<br class=\"zw-br\"><b>Domiciliu:<\/b> Garching<\/p>\n<p class=\"zw-paragraph heading6088568\" data-linerule=\"auto\" data-line-height=\"1\" data-header=\"6088568\" data-margin-bottom=\"14pt\" data-margin-top=\"14pt\" data-hd-info=\"6088568\"><b>Adresa propriet\u0103\u021bii:<\/b> Makedonias 40\/Odos&nbsp; Nikis, Nea&nbsp; Iraklitsa 64007, Kavala<\/p>\n<p class=\"zw-paragraph heading6088568\" data-linerule=\"auto\" data-line-height=\"1\" data-header=\"6088568\" data-margin-bottom=\"14pt\" data-margin-top=\"14pt\" data-hd-info=\"6088568\">Num\u0103r de \u00eenregistrare AMA: 00001523582<\/p>\n<p class=\"zw-paragraph heading6088568\" data-linerule=\"auto\" data-line-height=\"1\" data-header=\"6088568\" data-margin-bottom=\"14pt\" data-margin-top=\"14pt\" data-hd-info=\"6088568\"><b>Notificare privind drepturile de autor:<\/b><\/p>\n<p class=\"zw-paragraph heading6088568\" data-linerule=\"auto\" data-line-height=\"1\" data-header=\"6088568\" data-margin-bottom=\"14pt\" data-margin-top=\"14pt\" data-hd-info=\"6088568\">Responsabil pentru continutul jurnalistic-editorial este:&nbsp; Helena Saldanha<\/p>\n<p class=\"zw-paragraph heading6088568\" data-linerule=\"auto\" data-line-height=\"1\" data-header=\"6088568\" data-margin-bottom=\"14pt\" data-margin-top=\"14pt\" data-hd-info=\"6088568\">Imagini: www.shutterstock.com<\/p>\n<h5><b>Declinarea r\u0103spunderii<\/b><\/h5>\n<p class=\"zw-paragraph\" data-linerule=\"auto\" data-line-height=\"1\" data-textformat=\"{\"ff\":\"Liberation Serif,Times New Roman\",\"fw\":\"bold\",\"size\":12}\" data-margin-bottom=\"14pt\" data-margin-top=\"14pt\"><b>R\u0103spunderea pentru con\u021binut<\/b><\/p>\n<p class=\"zw-paragraph\" data-linerule=\"auto\" data-line-height=\"1\" data-textformat=\"{\"ff\":\"Liberation Serif,Times New Roman\",\"size\":12}\" data-margin-bottom=\"14pt\" data-margin-top=\"14pt\">Suntem responsabili pentru propriul nostru con\u021binut pe aceste pagini conform \u00a7 7 alin.1 TMG (Legea German\u0103 Telemedia) \u0219i legile generale. Conform \u00a7\u00a7 8 la 10 TMG nu suntem obliga\u021bi s\u0103 monitoriz\u0103m informa\u021biile transmise sau stocate de la ter\u021bi sau s\u0103 investig\u0103m circumstan\u021bele care indic\u0103 o activitate ilegal\u0103. Obliga\u021biile de a elimina sau de a bloca utilizarea informa\u021biilor conform legilor generale r\u0103m\u00e2n neafectate de aceasta. Cu toate acestea, r\u0103spunderea \u00een acest sens este posibil\u0103 numai din momentul cunoa\u0219terii unei \u00eenc\u0103lc\u0103ri concrete. Dac\u0103 afl\u0103m c\u0103 exist\u0103 astfel de \u00eenc\u0103lc\u0103ri legale, vom elimina imediat con\u021binutul \u00een cauz\u0103.<\/p>\n<p class=\"zw-paragraph\" data-linerule=\"auto\" data-line-height=\"1\" data-textformat=\"{\"ff\":\"Liberation Serif,Times New Roman\",\"fw\":\"bold\",\"size\":12}\" data-margin-bottom=\"14pt\" data-margin-top=\"14pt\"><b>R\u0103spunderea pentru linkuri<\/b><\/p>\n<p class=\"zw-paragraph\" data-linerule=\"auto\" data-line-height=\"1\" data-textformat=\"{\"ff\":\"Liberation Serif,Times New Roman\",\"size\":12}\" data-margin-bottom=\"14pt\" data-margin-top=\"14pt\">Oferta noastr\u0103 con\u021bine link-uri c\u0103tre site-uri externe ale ter\u021bilor, asupra c\u0103rora nu avem nicio influen\u021b\u0103. Prin urmare, nu ne putem asuma nicio r\u0103spundere pentru aceste con\u021binuturi externe. Furnizorul sau operatorul respectiv al site-urilor este \u00eentotdeauna responsabil pentru con\u021binutul site-urilor conectate. Paginile conectate au fost verificate pentru posibile \u00eenc\u0103lc\u0103ri legale la momentul conect\u0103rii. Con\u021binutul ilegal nu a fost identificat \u00een momentul conect\u0103rii. Cu toate acestea, un control permanent al con\u021binutului paginilor linkate nu este rezonabil f\u0103r\u0103 dovezi concrete ale \u00eenc\u0103lc\u0103rii legii. Dac\u0103 afl\u0103m c\u0103 exist\u0103 \u00eenc\u0103lc\u0103ri, vom elimina imediat astfel de leg\u0103turi.<\/p>\n<p class=\"zw-paragraph\" data-linerule=\"auto\" data-line-height=\"1\" data-textformat=\"{\"ff\":\"Liberation Serif,Times New Roman\",\"fw\":\"bold\",\"size\":12}\" data-margin-bottom=\"14pt\" data-margin-top=\"14pt\"><b>Drepturi de autor<\/b><\/p>\n<p class=\"zw-paragraph\" data-linerule=\"auto\" data-line-height=\"1\" data-textformat=\"{\"ff\":\"Liberation Serif,Times New Roman\",\"size\":12}\" data-margin-bottom=\"14pt\" data-margin-top=\"14pt\">Con\u021binutul \u0219i lucr\u0103rile acestora sunt supuse legii germane privind drepturile de autor. Reproducerea, editarea, distribuirea \u0219i orice fel de utilizare \u00een afara limitelor legii dreptului de autor necesit\u0103 acordul scris al autorului sau creatorului respectiv. Desc\u0103rc\u0103rile \u0219i copiile acestor pagini sunt permise numai pentru uz privat, necomercial. \u00cen m\u0103sura \u00een care con\u021binutul de pe acest site nu a fost creat de c\u0103tre operator, se respect\u0103 drepturile de autor ale ter\u021bilor. \u00cen special, con\u021binutul ter\u021b\u0103 parte este identificat ca atare. \u00cen cazul \u00een care, totu\u0219i, \u0219ti\u021bi despre o \u00eenc\u0103lcare a drepturilor de autor, v\u0103 rug\u0103m s\u0103 ne informa\u021bi \u00een consecin\u021b\u0103. Dac\u0103 afl\u0103m c\u0103 exist\u0103 \u00eenc\u0103lc\u0103ri, vom elimina imediat astfel de con\u021binut.<\/p>\n<p class=\"zw-paragraph\" data-linerule=\"auto\" data-line-height=\"1\" data-textformat=\"{\"ff\":\"Liberation Serif,Times New Roman\",\"fw\":\"bold\",\"size\":12}\" data-margin-bottom=\"14pt\" data-margin-top=\"14pt\"><b>Utilizarea datelor de contact ale amprentei<\/b><\/p>\n<p>Utilizarea datelor de contact din amprent\u0103 pentru publicitate comercial\u0103 nu este dorit\u0103 dec\u00e2t dac\u0103 ne-am dat acordul scris prealabil sau dac\u0103 exist\u0103 deja o rela\u021bie de afaceri. De asemenea, ne opunem oric\u0103rei utiliz\u0103ri comerciale \u0219i dezv\u0103luiri a datelor.<\/p>\t\t\t\t\t\t<\/div>\n\t\t\t\t<\/div>\n\t\t\t\t\t<\/div>\n\t\t<\/div>\n\t\t\t\t\t\t\t<\/div>\n\t\t<\/section>\n\t\t\t\t\t\t\t<\/div>\n\t\t","protected":false},"excerpt":{"rendered":"<p>Vila Nisiano Helena SaldanhaAdres\u0103: Am M\u00fchlbach 1 \/B, 85748 GarchingManager responsabil Helena Saldanha Tel: +491772541807Domiciliu: Garching Adresa propriet\u0103\u021bii: Makedonias 40\/Odos&nbsp; Nikis, Nea&nbsp; Iraklitsa 64007, Kavala Num\u0103r de \u00eenregistrare AMA: 00001523582 Notificare privind drepturile de autor: Responsabil pentru continutul jurnalistic-editorial este:&nbsp; Helena Saldanha Imagini: www.shutterstock.com Declinarea r\u0103spunderii R\u0103spunderea pentru con\u021binut Suntem responsabili pentru propriul nostru con\u021binut [&hellip;]<\/p>\n","protected":false},"author":1,"featured_media":0,"parent":0,"menu_order":0,"comment_status":"closed","ping_status":"closed","template":"elementor_header_footer","meta":{"footnotes":""},"class_list":["post-2113","page","type-page","status-publish","hentry"],"_links":{"self":[{"href":"https:\/\/nisiano.com\/ro\/wp-json\/wp\/v2\/pages\/2113","targetHints":{"allow":["GET"]}}],"collection":[{"href":"https:\/\/nisiano.com\/ro\/wp-json\/wp\/v2\/pages"}],"about":[{"href":"https:\/\/nisiano.com\/ro\/wp-json\/wp\/v2\/types\/page"}],"author":[{"embeddable":true,"href":"https:\/\/nisiano.com\/ro\/wp-json\/wp\/v2\/users\/1"}],"replies":[{"embeddable":true,"href":"https:\/\/nisiano.com\/ro\/wp-json\/wp\/v2\/comments?post=2113"}],"version-history":[{"count":1,"href":"https:\/\/nisiano.com\/ro\/wp-json\/wp\/v2\/pages\/2113\/revisions"}],"predecessor-version":[{"id":2114,"href":"https:\/\/nisiano.com\/ro\/wp-json\/wp\/v2\/pages\/2113\/revisions\/2114"}],"wp:attachment":[{"href":"https:\/\/nisiano.com\/ro\/wp-json\/wp\/v2\/media?parent=2113"}],"curies":[{"name":"wp","href":"https:\/\/api.w.org\/{rel}","templated":true}]}}