{"id":2096,"date":"2022-05-13T14:57:59","date_gmt":"2022-05-13T14:57:59","guid":{"rendered":"https:\/\/nisiano.com\/politica-cookie\/"},"modified":"2022-05-15T08:03:10","modified_gmt":"2022-05-15T08:03:10","slug":"politica-cookie","status":"publish","type":"page","link":"https:\/\/nisiano.com\/ro\/politica-cookie\/","title":{"rendered":"Politica cookie"},"content":{"rendered":"\t\t<div data-elementor-type=\"wp-page\" data-elementor-id=\"2096\" class=\"elementor elementor-2096 elementor-2029\">\n\t\t\t\t\t\t\t\t\t<section class=\"elementor-section elementor-top-section elementor-element elementor-element-842d4a3 elementor-section-boxed elementor-section-height-default elementor-section-height-default\" data-id=\"842d4a3\" data-element_type=\"section\">\n\t\t\t\t\t\t<div class=\"elementor-container elementor-column-gap-default\">\n\t\t\t\t\t<div class=\"elementor-column elementor-col-100 elementor-top-column elementor-element elementor-element-a7cd30f\" data-id=\"a7cd30f\" data-element_type=\"column\">\n\t\t\t<div class=\"elementor-widget-wrap elementor-element-populated\">\n\t\t\t\t\t\t\t\t<div class=\"elementor-element elementor-element-84f2acd elementor-widget elementor-widget-text-editor\" data-id=\"84f2acd\" data-element_type=\"widget\" data-widget_type=\"text-editor.default\">\n\t\t\t\t<div class=\"elementor-widget-container\">\n\t\t\t<style>\/*! elementor - v3.11.1 - 15-02-2023 *\/\n.elementor-widget-text-editor.elementor-drop-cap-view-stacked .elementor-drop-cap{background-color:#818a91;color:#fff}.elementor-widget-text-editor.elementor-drop-cap-view-framed .elementor-drop-cap{color:#818a91;border:3px solid;background-color:transparent}.elementor-widget-text-editor:not(.elementor-drop-cap-view-default) .elementor-drop-cap{margin-top:8px}.elementor-widget-text-editor:not(.elementor-drop-cap-view-default) .elementor-drop-cap-letter{width:1em;height:1em}.elementor-widget-text-editor .elementor-drop-cap{float:left;text-align:center;line-height:1;font-size:50px}.elementor-widget-text-editor .elementor-drop-cap-letter{display:inline-block}<\/style>\t\t\t\t<h1><span style=\"color: #000000;\">Politica cookie<\/span><\/h1>\n<p><strong>Ce este un cookie?<\/strong><\/p>\n<p>Un cookie este un fi\u0219ier text mic care este stocat pe computerul dvs. sau pe alt dispozitiv conectat la internet pentru a v\u0103 identifica browserul, a furniza analize, a re\u021bine informa\u021bii despre dvs., cum ar fi preferin\u021ba de limb\u0103 sau informa\u021biile de conectare. Sunt complet sigure \u0219i nu pot fi folosite pentru a rula programe sau pentru a furniza viru\u0219i pe dispozitivul dvs. Pute\u021bi afla mai multe despre cookie-uri \u00een Politica noastr\u0103 de confiden\u021bialitate.<\/p>\n<p><strong>Ce tip de cookie-uri facem<\/strong>&nbsp; <strong>utilizare?<\/strong><\/p>\n<p>Cookie-urile pot fi fie cookie-uri de sesiune, fie cookie-uri persistente. Un cookie de sesiune expir\u0103 automat c\u00e2nd \u00eenchide\u021bi browserul. Un cookie persistent va r\u0103m\u00e2ne p\u00e2n\u0103 c\u00e2nd expir\u0103 sau p\u00e2n\u0103 c\u00e2nd v\u0103 \u0219terge\u021bi cookie-urile. Datele de expirare sunt stabilite chiar \u00een cookie-urile; Unele pot expira dup\u0103 c\u00e2teva minute, \u00een timp ce altele pot expira dup\u0103 mai mul\u021bi ani. Cookie-urile plasate de site-ul web pe care \u00eel vizita\u021bi sunt numite \u201ecookie-uri first party\u201d.<\/p>\n<p>Mai jos este o list\u0103 detaliat\u0103 a cookie-urilor pe care le folosim pe site-ul nostru. Site-ul nostru web este scanat cu instrumentul nostru de scanare cookie-uri \u00een mod regulat pentru a men\u021bine o list\u0103 c\u00e2t mai exact\u0103 posibil. Clasific\u0103m cookie-urile \u00een urm\u0103toarele categorii:<\/p>\n<p><\/p>\n<p><strong>Categoria necesar\u0103:<\/strong><\/p>\n<p><strong>&nbsp;<\/strong>Cookie-urile necesare sunt necesare pentru ca site-ul nostru web s\u0103 func\u021bioneze \u0219i nu pot fi dezactivate \u00een sistemele noastre. Ele sunt esen\u021biale pentru a v\u0103 permite s\u0103 naviga\u021bi pe site \u0219i s\u0103 utiliza\u021bi func\u021biile acestuia. Dac\u0103 elimina\u021bi sau dezactiva\u021bi aceste module cookie, nu putem garanta c\u0103 ve\u021bi putea folosi site-urile noastre web.<\/p>\n<table>\n<tbody>\n<tr>\n<td width=\"107\">\n<p>NUMELE COOKIE<\/p>\n<\/td>\n<td width=\"110\">\n<p>DESCRIERE<\/p>\n<\/td>\n<td width=\"164\">\n<p>Furnizor<\/p>\n<\/td>\n<td width=\"57\">\n<p>Tip<\/p>\n<\/td>\n<td width=\"72\">\n<p>EXPIRARE<\/p>\n<\/td>\n<\/tr>\n<tr>\n<td width=\"107\">&nbsp;<\/td>\n<td width=\"110\">&nbsp;<\/td>\n<td width=\"164\">&nbsp;<\/td>\n<td width=\"57\">&nbsp;<\/td>\n<td width=\"72\">&nbsp;<\/td>\n<\/tr>\n<tr>\n<td width=\"107\">&nbsp;<\/td>\n<td width=\"110\">&nbsp;<\/td>\n<td width=\"164\">&nbsp;<\/td>\n<td width=\"57\">&nbsp;<\/td>\n<td width=\"72\">&nbsp;<\/td>\n<\/tr>\n<tr>\n<td width=\"107\">\n<p>super sesiune<\/p>\n<\/td>\n<td width=\"110\">\n<p>Acest cookie este folosit pentru a crea o sesiune de utilizator pentru a p\u0103stra autentificarea\/\u00eenscrierea utilizatorului sau pentru a identifica vizita anterioar\u0103 pe site \u0219i pentru a furniza rezultatele potrivite.<\/p>\n<\/td>\n<td width=\"164\">\n<p><span style=\"background-color: rgb(247, 247, 247);\">Nisiano.com<\/span><br><\/p>\n<\/td>\n<td width=\"57\">\n<p>HTTP<\/p>\n<\/td>\n<td width=\"72\">\n<p>1 zi<\/p>\n<\/td>\n<\/tr>\n<tr>\n<td width=\"107\">\n<p>elementor<\/p>\n<\/td>\n<td width=\"110\">\n<p>Folosit \u00een context cu tema de pres\u0103 a site-ului web. Cookie-ul permite modificarea con\u021binutului site-ului \u00een timp real<\/p>\n<\/td>\n<td width=\"164\">\n<p>Nisiano.com<\/p>\n<\/td>\n<td width=\"57\">\n<p>HTML<\/p>\n<\/td>\n<td width=\"72\">\n<p>Persistent<\/p>\n<\/td>\n<\/tr>\n<tr>\n<td width=\"107\">\n<p><br><\/p><\/td><td width=\"110\"><\/td><td width=\"164\"><\/td><td width=\"57\"><\/td><td width=\"72\"><\/td><\/tr>\n<\/tbody>\n<\/table>\n<p><strong>Statistici:<\/strong><\/p>\n<p><\/p>\n<table>\n<tbody>\n<tr>\n<td width=\"122\">\n<p>PLL_Language<\/p>\n<\/td>\n<td width=\"105\">\n<p>Acest cookie este folosit pentru a urm\u0103ri IP-ul utilizatorului \u00een limba implicit\u0103 a \u021b\u0103rii de afi\u0219are atunci c\u00e2nd accesa\u021bi site-ul web.<\/p>\n<p><\/p>\n<\/td>\n<td width=\"133\">\n<p>Nisiano.com<\/p>\n<\/td>\n<td width=\"73\">\n<p>HTTP<\/p>\n<\/td>\n<td width=\"76\">\n<p>1 an<\/p>\n<\/td>\n<\/tr>\n<tr>\n<td width=\"122\">\n<p><br><\/p><\/td><td width=\"105\"><\/td><td width=\"133\"><\/td><td width=\"73\"><\/td><td width=\"76\">\n<\/td>\n<\/tr>\n<\/tbody>\n<\/table>\n<p><strong>Cum po\u021bi gestiona cookie-urile?<\/strong><\/p>\n<p>Majoritatea browserelor v\u0103 permit s\u0103 controla\u021bi cookie-urile prin preferin\u021bele lor de \u201eset\u0103ri\u201d. Cu toate acestea, dac\u0103 limita\u021bi capacitatea site-urilor web de a seta cookie-uri, este posibil s\u0103 v\u0103 \u00eenr\u0103ut\u0103\u021bi experien\u021ba general\u0103 de utilizator, deoarece nu va mai fi personalizat\u0103 pentru dvs. De asemenea, v\u0103 poate \u00eempiedica s\u0103 salva\u021bi set\u0103ri personalizate, cum ar fi informa\u021biile de conectare. Produc\u0103torii de browsere ofer\u0103 pagini de ajutor legate de gestionarea cookie-urilor \u00een produsele lor. V\u0103 rug\u0103m s\u0103 consulta\u021bi mai jos pentru mai multe informa\u021bii.<\/p>\n<p>Produc\u0103torii de browsere ofer\u0103 pagini de ajutor legate de gestionarea cookie-urilor \u00een produsele lor. V\u0103 rug\u0103m s\u0103 consulta\u021bi mai jos pentru mai multe informa\u021bii.<\/p>\n<ul>\n<li><a href=\"https:\/\/support.google.com\/chrome\/answer\/95647?hl=en\"><strong>Google Chrome<\/strong><\/a><\/li>\n<li><a href=\"https:\/\/support.microsoft.com\/en-us\/kb\/260971\"><strong>Internet Explorer<\/strong><\/a><\/li>\n<li><a href=\"https:\/\/support.mozilla.org\/en-US\/kb\/cookies-information-websites-store-on-your-computer\"><strong>Mozilla Firefox<\/strong><\/a><\/li>\n<li><a href=\"https:\/\/support.apple.com\/en-in\/guide\/safari\/sfri11471\/mac\"><strong>Safari (desktop)<\/strong><\/a><\/li>\n<li><a href=\"https:\/\/support.apple.com\/en-us\/HT201265\"><strong>Safari (mobil)<\/strong><\/a><\/li>\n<li><a href=\"http:\/\/support.google.com\/ics\/nexus\/bin\/answer.py?hl=en&amp;answer=2425067\"><strong>Browser Android<\/strong><\/a><\/li>\n<li><a href=\"http:\/\/www.opera.com\/help\"><strong>Oper\u0103<\/strong><\/a><\/li>\n<li><a href=\"http:\/\/www.opera.com\/help\/mobile\/android#privacy\"><strong>Opera Mobile<\/strong><\/a><\/li>\n<\/ul>\n<p><strong>Disclaimer<\/strong><\/p>\n<p>Putem actualiza din c\u00e2nd \u00een c\u00e2nd aceast\u0103 declara\u021bie privind cookie-urile pentru a reflecta, de exemplu, modific\u0103ri ale cookie-urilor pe care le folosim sau din alte motive opera\u021bionale, legale sau de reglementare. Prin urmare, v\u0103 rug\u0103m s\u0103 revede\u021bi aceast\u0103 declara\u021bie privind cookie-urile \u00een mod regulat pentru a r\u0103m\u00e2ne informat cu privire la utilizarea cookie-urilor \u0219i a tehnologiilor asociate. Pentru mai multe informa\u021bii referitoare la cookie-uri, pute\u021bi contacta info@nisiano.com<\/p><p><br><\/p>\t\t\t\t\t\t<\/div>\n\t\t\t\t<\/div>\n\t\t\t\t\t<\/div>\n\t\t<\/div>\n\t\t\t\t\t\t\t<\/div>\n\t\t<\/section>\n\t\t\t\t\t\t\t<\/div>\n\t\t","protected":false},"excerpt":{"rendered":"<p>Politica cookie Ce este un cookie? Un cookie este un fi\u0219ier text mic care este stocat pe computerul dvs. sau pe alt dispozitiv conectat la internet pentru a v\u0103 identifica browserul, a furniza analize, a re\u021bine informa\u021bii despre dvs., cum ar fi preferin\u021ba de limb\u0103 sau informa\u021biile de conectare. Sunt complet sigure \u0219i nu pot [&hellip;]<\/p>\n","protected":false},"author":1,"featured_media":0,"parent":0,"menu_order":0,"comment_status":"closed","ping_status":"closed","template":"elementor_header_footer","meta":{"footnotes":""},"class_list":["post-2096","page","type-page","status-publish","hentry"],"_links":{"self":[{"href":"https:\/\/nisiano.com\/ro\/wp-json\/wp\/v2\/pages\/2096","targetHints":{"allow":["GET"]}}],"collection":[{"href":"https:\/\/nisiano.com\/ro\/wp-json\/wp\/v2\/pages"}],"about":[{"href":"https:\/\/nisiano.com\/ro\/wp-json\/wp\/v2\/types\/page"}],"author":[{"embeddable":true,"href":"https:\/\/nisiano.com\/ro\/wp-json\/wp\/v2\/users\/1"}],"replies":[{"embeddable":true,"href":"https:\/\/nisiano.com\/ro\/wp-json\/wp\/v2\/comments?post=2096"}],"version-history":[{"count":1,"href":"https:\/\/nisiano.com\/ro\/wp-json\/wp\/v2\/pages\/2096\/revisions"}],"predecessor-version":[{"id":2097,"href":"https:\/\/nisiano.com\/ro\/wp-json\/wp\/v2\/pages\/2096\/revisions\/2097"}],"wp:attachment":[{"href":"https:\/\/nisiano.com\/ro\/wp-json\/wp\/v2\/media?parent=2096"}],"curies":[{"name":"wp","href":"https:\/\/api.w.org\/{rel}","templated":true}]}}