{"id":2108,"date":"2022-05-13T14:51:16","date_gmt":"2022-05-13T14:51:16","guid":{"rendered":"https:\/\/nisiano.com\/impressum\/"},"modified":"2024-04-01T11:57:43","modified_gmt":"2024-04-01T11:57:43","slug":"impressum","status":"publish","type":"page","link":"https:\/\/nisiano.com\/de\/impressum\/","title":{"rendered":"Impressum"},"content":{"rendered":"\t\t<div data-elementor-type=\"wp-page\" data-elementor-id=\"2108\" class=\"elementor elementor-2108 elementor-2015\">\n\t\t\t\t\t\t\t\t\t<section class=\"elementor-section elementor-top-section elementor-element elementor-element-dd92770 elementor-section-boxed elementor-section-height-default elementor-section-height-default\" data-id=\"dd92770\" data-element_type=\"section\">\n\t\t\t\t\t\t<div class=\"elementor-container elementor-column-gap-default\">\n\t\t\t\t\t<div class=\"elementor-column elementor-col-100 elementor-top-column elementor-element elementor-element-c4d9bf8\" data-id=\"c4d9bf8\" data-element_type=\"column\">\n\t\t\t<div class=\"elementor-widget-wrap elementor-element-populated\">\n\t\t\t\t\t\t\t\t<div class=\"elementor-element elementor-element-b1a15ce elementor-widget elementor-widget-text-editor\" data-id=\"b1a15ce\" data-element_type=\"widget\" data-widget_type=\"text-editor.default\">\n\t\t\t\t<div class=\"elementor-widget-container\">\n\t\t\t<style>\/*! elementor - v3.11.1 - 15-02-2023 *\/\n.elementor-widget-text-editor.elementor-drop-cap-view-stacked .elementor-drop-cap{background-color:#818a91;color:#fff}.elementor-widget-text-editor.elementor-drop-cap-view-framed .elementor-drop-cap{color:#818a91;border:3px solid;background-color:transparent}.elementor-widget-text-editor:not(.elementor-drop-cap-view-default) .elementor-drop-cap{margin-top:8px}.elementor-widget-text-editor:not(.elementor-drop-cap-view-default) .elementor-drop-cap-letter{width:1em;height:1em}.elementor-widget-text-editor .elementor-drop-cap{float:left;text-align:center;line-height:1;font-size:50px}.elementor-widget-text-editor .elementor-drop-cap-letter{display:inline-block}<\/style>\t\t\t\t<h1><strong>Villa Nisiano<\/strong><\/h1><p data-linerule=\"auto\" data-line-height=\"1\" data-header=\"6088568\" data-margin-bottom=\"14pt\" data-margin-top=\"14pt\" data-hd-info=\"6088568\">Boutique Hotel La Bonita<\/p><ol><li><span style=\"background: transparent; border: 0px; margin: 0px; outline: 0px; padding: 0px; vertical-align: baseline;\"><span style=\"background: transparent; border: 0px; margin: 0px; outline: 0px; padding: 0px; vertical-align: baseline;\"><span style=\"background: transparent; border: 0px; margin: 0px; outline: 0px; padding: 0px; vertical-align: baseline;\"><span style=\"background: transparent; border: 0px; margin: 0px; outline: 0px; padding: 0px; vertical-align: baseline; font-weight: normal;\"><span style=\"background: transparent; border: 0px; margin: 0px; outline: 0px; padding: 0px; vertical-align: baseline; font-family: wfont_0fef4a_a395cca4ba294e348c8c2b3ce6853821, wf_a395cca4ba294e348c8c2b3ce, orig_repo;\">Makedonias 61, N\u00e9a Irakl\u00edtsa, Greece 64007<\/span><\/span><\/span><\/span><\/span><\/li><li><span style=\"background: transparent; border: 0px; margin: 0px; outline: 0px; padding: 0px; vertical-align: baseline;\"><span style=\"background: transparent; border: 0px; margin: 0px; outline: 0px; padding: 0px; vertical-align: baseline;\"><span style=\"background: transparent; border: 0px; margin: 0px; outline: 0px; padding: 0px; vertical-align: baseline;\"><span style=\"background: transparent; border: 0px; margin: 0px; outline: 0px; padding: 0px; vertical-align: baseline; font-weight: normal;\"><span style=\"background: transparent; border: 0px; margin: 0px; outline: 0px; padding: 0px; vertical-align: baseline; font-family: wfont_0fef4a_a395cca4ba294e348c8c2b3ce6853821, wf_a395cca4ba294e348c8c2b3ce, orig_repo;\">+359 877 00 75 35, +306 945 438 306<\/span><\/span><\/span><\/span><\/span><\/li><li><span style=\"background: transparent; border: 0px; margin: 0px; outline: 0px; padding: 0px; vertical-align: baseline;\"><span style=\"background: transparent; border: 0px; margin: 0px; outline: 0px; padding: 0px; vertical-align: baseline;\"><span style=\"background: transparent; border: 0px; margin: 0px; outline: 0px; padding: 0px; vertical-align: baseline;\"><span style=\"background: transparent; border: 0px; margin: 0px; outline: 0px; padding: 0px; vertical-align: baseline; font-weight: normal;\"><span style=\"background: transparent; border: 0px; margin: 0px; outline: 0px; padding: 0px; vertical-align: baseline; font-family: wfont_0fef4a_a395cca4ba294e348c8c2b3ce6853821, wf_a395cca4ba294e348c8c2b3ce, orig_repo;\">labonitagreece@gmail.com<\/span><\/span><\/span><\/span><\/span><\/li><\/ol><p data-linerule=\"auto\" data-line-height=\"1\" data-header=\"6088568\" data-margin-bottom=\"14pt\" data-margin-top=\"14pt\" data-hd-info=\"6088568\">\u00a0<\/p><p data-linerule=\"auto\" data-line-height=\"1\" data-header=\"6088568\" data-margin-bottom=\"14pt\" data-margin-top=\"14pt\" data-hd-info=\"6088568\"><b>Adresse der Immobilie:<\/b> Makedonias 40\/Odos\u00a0 Nikis, Nea\u00a0 Iraklitsa 64007, Kavala<\/p><p data-linerule=\"auto\" data-line-height=\"1\" data-header=\"6088568\" data-margin-bottom=\"14pt\" data-margin-top=\"14pt\" data-hd-info=\"6088568\">\u00a0<\/p><p data-linerule=\"auto\" data-line-height=\"1\" data-header=\"6088568\" data-margin-bottom=\"14pt\" data-margin-top=\"14pt\" data-hd-info=\"6088568\"><b>Urheberrechtshinweis:<\/b><\/p><p data-linerule=\"auto\" data-line-height=\"1\" data-header=\"6088568\" data-margin-bottom=\"14pt\" data-margin-top=\"14pt\" data-hd-info=\"6088568\">Verantwortlich f\u00fcr die journalistisch-redaktionellen Inhalte ist:\u00a0 Dimitar Panteleev<\/p><p data-linerule=\"auto\" data-line-height=\"1\" data-header=\"6088568\" data-margin-bottom=\"14pt\" data-margin-top=\"14pt\" data-hd-info=\"6088568\">Bilder: www.shutterstock.com<\/p><h5><b>Haftungsausschluss<\/b><\/h5><p data-linerule=\"auto\" data-line-height=\"1\" data-textformat=\"{\" data-margin-bottom=\"14pt\" data-margin-top=\"14pt\"><b>Haftung f\u00fcr Inhalte<\/b><\/p><p data-linerule=\"auto\" data-line-height=\"1\" data-textformat=\"{\" data-margin-bottom=\"14pt\" data-margin-top=\"14pt\">F\u00fcr eigene Inhalte auf diesen Seiten sind wir gem\u00e4\u00df \u00a7 7 Abs.1 verantwortlich TMG (Telemediengesetz) und allgemeine Gesetze. Nach \u00a7\u00a7 8 bis 10 TMG sind wir als Diensteanbieter jedoch nicht verpflichtet, \u00fcbermittelte oder gespeicherte fremde Informationen zu \u00fcberwachen oder nach Umst\u00e4nden zu forschen, die auf eine rechtswidrige T\u00e4tigkeit hinweisen. Verpflichtungen zur Entfernung oder Sperrung der Nutzung von Informationen nach den allgemeinen Gesetzen bleiben hiervon unber\u00fchrt. Eine diesbez\u00fcgliche Haftung ist jedoch erst ab dem Zeitpunkt der Kenntnis einer konkreten Rechtsverletzung m\u00f6glich. Bei Bekanntwerden von entsprechenden Rechtsverletzungen werden wir diese Inhalte umgehend entfernen.<\/p><p data-linerule=\"auto\" data-line-height=\"1\" data-textformat=\"{\" data-margin-bottom=\"14pt\" data-margin-top=\"14pt\"><b>Haftung f\u00fcr Links<\/b><\/p><p data-linerule=\"auto\" data-line-height=\"1\" data-textformat=\"{\" data-margin-bottom=\"14pt\" data-margin-top=\"14pt\">Unser Angebot enth\u00e4lt Links zu externen Webseiten Dritter, auf deren Inhalte wir keinen Einfluss haben. Deshalb k\u00f6nnen wir f\u00fcr diese fremden Inhalte auch keine Gew\u00e4hr \u00fcbernehmen. F\u00fcr die Inhalte der verlinkten Seiten ist stets der jeweilige Anbieter oder Betreiber der Seiten verantwortlich. Die verlinkten Seiten wurden zum Zeitpunkt der Verlinkung auf m\u00f6gliche Rechtsverst\u00f6\u00dfe \u00fcberpr\u00fcft. Rechtswidrige Inhalte waren zum Zeitpunkt der Verlinkung nicht erkennbar. Eine permanente inhaltliche Kontrolle der verlinkten Seiten ist jedoch ohne konkrete Anhaltspunkte einer Rechtsverletzung nicht zumutbar. Bei Bekanntwerden von Rechtsverletzungen werden wir derartige Links umgehend entfernen.<\/p><p data-linerule=\"auto\" data-line-height=\"1\" data-textformat=\"{\" data-margin-bottom=\"14pt\" data-margin-top=\"14pt\"><b>Urheberrechte \u00a9<\/b><\/p><p data-linerule=\"auto\" data-line-height=\"1\" data-textformat=\"{\" data-margin-bottom=\"14pt\" data-margin-top=\"14pt\">Die darin enthaltenen Inhalte und Werke unterliegen dem deutschen Urheberrecht. Die Vervielf\u00e4ltigung, Bearbeitung, Verbreitung und jede Art der Verwertung au\u00dferhalb der Grenzen des Urheberrechts bed\u00fcrfen der schriftlichen Zustimmung des jeweiligen Autors bzw. Erstellers. Downloads und Kopien dieser Seite sind nur f\u00fcr den privaten, nicht kommerziellen Gebrauch gestattet. Soweit die Inhalte auf dieser Seite nicht vom Betreiber erstellt wurden, werden die Urheberrechte Dritter beachtet. Insbesondere werden Inhalte Dritter als solche gekennzeichnet. Sollten Sie dennoch auf eine Urheberrechtsverletzung aufmerksam werden, bitten wir um einen entsprechenden Hinweis. Bei Bekanntwerden von Rechtsverletzungen werden wir derartige Inhalte umgehend entfernen.<\/p><p data-linerule=\"auto\" data-line-height=\"1\" data-textformat=\"{\" data-margin-bottom=\"14pt\" data-margin-top=\"14pt\"><b>Verwendung der Kontaktdaten des Impressums<\/b><\/p><p>Die Verwendung der Kontaktdaten des Impressums zur gewerblichen Werbung ist ausdr\u00fccklich nicht erw\u00fcnscht, es sei denn wir hatten zuvor unsere schriftliche Einwilligung erteilt oder es besteht bereits eine Gesch\u00e4ftsbeziehung. Auch widersprechen wir jeder kommerziellen Verwendung und Weitergabe der Daten.<\/p>\t\t\t\t\t\t<\/div>\n\t\t\t\t<\/div>\n\t\t\t\t\t<\/div>\n\t\t<\/div>\n\t\t\t\t\t\t\t<\/div>\n\t\t<\/section>\n\t\t\t\t\t\t\t<\/div>\n\t\t","protected":false},"excerpt":{"rendered":"<p>Villa Nisiano Boutique Hotel La Bonita Makedonias 61, N\u00e9a Irakl\u00edtsa, Greece 64007 +359 877 00 75 35, +306 945 438 306 labonitagreece@gmail.com \u00a0 Adresse der Immobilie: Makedonias 40\/Odos\u00a0 Nikis, Nea\u00a0 Iraklitsa 64007, Kavala \u00a0 Urheberrechtshinweis: Verantwortlich f\u00fcr die journalistisch-redaktionellen Inhalte ist:\u00a0 Dimitar Panteleev Bilder: www.shutterstock.com Haftungsausschluss Haftung f\u00fcr Inhalte F\u00fcr eigene Inhalte auf diesen Seiten [&hellip;]<\/p>\n","protected":false},"author":1,"featured_media":0,"parent":0,"menu_order":0,"comment_status":"closed","ping_status":"closed","template":"elementor_header_footer","meta":{"footnotes":""},"class_list":["post-2108","page","type-page","status-publish","hentry"],"_links":{"self":[{"href":"https:\/\/nisiano.com\/de\/wp-json\/wp\/v2\/pages\/2108","targetHints":{"allow":["GET"]}}],"collection":[{"href":"https:\/\/nisiano.com\/de\/wp-json\/wp\/v2\/pages"}],"about":[{"href":"https:\/\/nisiano.com\/de\/wp-json\/wp\/v2\/types\/page"}],"author":[{"embeddable":true,"href":"https:\/\/nisiano.com\/de\/wp-json\/wp\/v2\/users\/1"}],"replies":[{"embeddable":true,"href":"https:\/\/nisiano.com\/de\/wp-json\/wp\/v2\/comments?post=2108"}],"version-history":[{"count":4,"href":"https:\/\/nisiano.com\/de\/wp-json\/wp\/v2\/pages\/2108\/revisions"}],"predecessor-version":[{"id":2742,"href":"https:\/\/nisiano.com\/de\/wp-json\/wp\/v2\/pages\/2108\/revisions\/2742"}],"wp:attachment":[{"href":"https:\/\/nisiano.com\/de\/wp-json\/wp\/v2\/media?parent=2108"}],"curies":[{"name":"wp","href":"https:\/\/api.w.org\/{rel}","templated":true}]}}