{"id":2092,"date":"2022-05-13T14:57:59","date_gmt":"2022-05-13T14:57:59","guid":{"rendered":"https:\/\/nisiano.com\/cookie-richtlinie\/"},"modified":"2022-05-15T08:03:04","modified_gmt":"2022-05-15T08:03:04","slug":"cookie-richtlinie","status":"publish","type":"page","link":"https:\/\/nisiano.com\/de\/cookie-richtlinie\/","title":{"rendered":"Cookie-Richtlinie"},"content":{"rendered":"\t\t<div data-elementor-type=\"wp-page\" data-elementor-id=\"2092\" class=\"elementor elementor-2092 elementor-2029\">\n\t\t\t\t\t\t\t\t\t<section class=\"elementor-section elementor-top-section elementor-element elementor-element-842d4a3 elementor-section-boxed elementor-section-height-default elementor-section-height-default\" data-id=\"842d4a3\" data-element_type=\"section\">\n\t\t\t\t\t\t<div class=\"elementor-container elementor-column-gap-default\">\n\t\t\t\t\t<div class=\"elementor-column elementor-col-100 elementor-top-column elementor-element elementor-element-a7cd30f\" data-id=\"a7cd30f\" data-element_type=\"column\">\n\t\t\t<div class=\"elementor-widget-wrap elementor-element-populated\">\n\t\t\t\t\t\t\t\t<div class=\"elementor-element elementor-element-84f2acd elementor-widget elementor-widget-text-editor\" data-id=\"84f2acd\" data-element_type=\"widget\" data-widget_type=\"text-editor.default\">\n\t\t\t\t<div class=\"elementor-widget-container\">\n\t\t\t<style>\/*! elementor - v3.11.1 - 15-02-2023 *\/\n.elementor-widget-text-editor.elementor-drop-cap-view-stacked .elementor-drop-cap{background-color:#818a91;color:#fff}.elementor-widget-text-editor.elementor-drop-cap-view-framed .elementor-drop-cap{color:#818a91;border:3px solid;background-color:transparent}.elementor-widget-text-editor:not(.elementor-drop-cap-view-default) .elementor-drop-cap{margin-top:8px}.elementor-widget-text-editor:not(.elementor-drop-cap-view-default) .elementor-drop-cap-letter{width:1em;height:1em}.elementor-widget-text-editor .elementor-drop-cap{float:left;text-align:center;line-height:1;font-size:50px}.elementor-widget-text-editor .elementor-drop-cap-letter{display:inline-block}<\/style>\t\t\t\t<h1><span style=\"color: #000000;\">Cookie-Richtlinie<\/span><\/h1>\n<p><strong>Was ist ein Keks?<\/strong><\/p>\n<p>Ein Cookie ist eine kleine Textdatei, die auf Ihrem Computer oder einem anderen mit dem Internet verbundenen Ger\u00e4t gespeichert wird, um Ihren Browser zu identifizieren, Analysen bereitzustellen und Informationen \u00fcber Sie wie Ihre Spracheinstellung oder Anmeldeinformationen zu speichern. Sie sind absolut sicher und k\u00f6nnen nicht verwendet werden, um Programme auszuf\u00fchren oder Viren auf Ihr Ger\u00e4t zu \u00fcbertragen. Mehr \u00fcber Cookies erfahren Sie in unserer Datenschutzerkl\u00e4rung.<\/p>\n<p><strong>Welche Art von Cookies verwenden wir<\/strong>&nbsp; <strong>benutzen?<\/strong><\/p>\n<p>Cookies k\u00f6nnen entweder Session-Cookies oder dauerhafte Cookies sein. Ein Session-Cookie l\u00e4uft automatisch ab, wenn Sie Ihren Browser schlie\u00dfen. Ein dauerhaftes Cookie bleibt bestehen, bis es abl\u00e4uft oder Sie Ihre Cookies l\u00f6schen. Ablaufdaten werden in den Cookies selbst festgelegt; Einige k\u00f6nnen nach einigen Minuten ablaufen, w\u00e4hrend andere nach mehreren Jahren ablaufen k\u00f6nnen. Cookies, die von der von Ihnen besuchten Website platziert werden, werden \u201eErstanbieter-Cookies\u201c genannt.<\/p>\n<p>Nachfolgend finden Sie eine detaillierte Liste der Cookies, die wir auf unserer Website verwenden. Unsere Website wird regelm\u00e4\u00dfig mit unserem Cookie-Scanning-Tool gescannt, um eine m\u00f6glichst genaue Liste zu f\u00fchren. Wir klassifizieren Cookies in die folgenden Kategorien:<\/p>\n<p><\/p>\n<p><strong>Kategorie erforderlich:<\/strong><\/p>\n<p><strong>&nbsp;<\/strong>Notwendige Cookies sind f\u00fcr die Funktion unserer Website erforderlich und k\u00f6nnen in unseren Systemen nicht abgeschaltet werden. Sie sind unerl\u00e4sslich, damit Sie auf der Website navigieren und ihre Funktionen nutzen k\u00f6nnen. Wenn Sie diese Cookies entfernen oder deaktivieren, k\u00f6nnen wir nicht garantieren, dass Sie unsere Websites nutzen k\u00f6nnen.<\/p>\n<table>\n<tbody>\n<tr>\n<td width=\"107\">\n<p>Cookie-Name<\/p>\n<\/td>\n<td width=\"110\">\n<p>BEZEICHNUNG<\/p>\n<\/td>\n<td width=\"164\">\n<p>Anbieter<\/p>\n<\/td>\n<td width=\"57\">\n<p>Typ<\/p>\n<\/td>\n<td width=\"72\">\n<p>ABLAUF<\/p>\n<\/td>\n<\/tr>\n<tr>\n<td width=\"107\">&nbsp;<\/td>\n<td width=\"110\">&nbsp;<\/td>\n<td width=\"164\">&nbsp;<\/td>\n<td width=\"57\">&nbsp;<\/td>\n<td width=\"72\">&nbsp;<\/td>\n<\/tr>\n<tr>\n<td width=\"107\">&nbsp;<\/td>\n<td width=\"110\">&nbsp;<\/td>\n<td width=\"164\">&nbsp;<\/td>\n<td width=\"57\">&nbsp;<\/td>\n<td width=\"72\">&nbsp;<\/td>\n<\/tr>\n<tr>\n<td width=\"107\">\n<p>super_session<\/p>\n<\/td>\n<td width=\"110\">\n<p>Dieses Cookie wird verwendet, um eine Benutzersitzung zu erstellen, um die Anmeldung\/Anmeldung des Benutzers beizubehalten oder den vorherigen Besuch auf der Website zu identifizieren und die passenden Ergebnisse zu liefern.<\/p>\n<\/td>\n<td width=\"164\">\n<p><span style=\"background-color: rgb(247, 247, 247);\">Nisiano.com<\/span><br><\/p>\n<\/td>\n<td width=\"57\">\n<p>HTTP<\/p>\n<\/td>\n<td width=\"72\">\n<p>1 Tag<\/p>\n<\/td>\n<\/tr>\n<tr>\n<td width=\"107\">\n<p>elementar<\/p>\n<\/td>\n<td width=\"110\">\n<p>Wird im Zusammenhang mit dem WordPress-Theme der Website verwendet. Das Cookie erm\u00f6glicht die \u00c4nderung des Website-Inhalts in Echtzeit<\/p>\n<\/td>\n<td width=\"164\">\n<p>Nisiano.com<\/p>\n<\/td>\n<td width=\"57\">\n<p>HTML<\/p>\n<\/td>\n<td width=\"72\">\n<p>Hartn\u00e4ckig<\/p>\n<\/td>\n<\/tr>\n<tr>\n<td width=\"107\">\n<p><br><\/p><\/td><td width=\"110\"><\/td><td width=\"164\"><\/td><td width=\"57\"><\/td><td width=\"72\"><\/td><\/tr>\n<\/tbody>\n<\/table>\n<p><strong>Statistiken:<\/strong><\/p>\n<p><\/p>\n<table>\n<tbody>\n<tr>\n<td width=\"122\">\n<p>PLL_Sprache<\/p>\n<\/td>\n<td width=\"105\">\n<p>Dieses Cookie wird verwendet, um die IP-Adresse des Benutzers zu verfolgen, um beim Besuch der Website die Standardsprache des Landes anzuzeigen.<\/p>\n<p><\/p>\n<\/td>\n<td width=\"133\">\n<p>Nisiano.com<\/p>\n<\/td>\n<td width=\"73\">\n<p>HTTP<\/p>\n<\/td>\n<td width=\"76\">\n<p>1 Jahr<\/p>\n<\/td>\n<\/tr>\n<tr>\n<td width=\"122\">\n<p><br><\/p><\/td><td width=\"105\"><\/td><td width=\"133\"><\/td><td width=\"73\"><\/td><td width=\"76\">\n<\/td>\n<\/tr>\n<\/tbody>\n<\/table>\n<p><strong>Wie k\u00f6nnen Sie Cookies verwalten?<\/strong><\/p>\n<p>Bei den meisten Browsern k\u00f6nnen Sie Cookies \u00fcber ihre \u201eEinstellungen\u201c-Pr\u00e4ferenzen steuern. Wenn Sie jedoch die M\u00f6glichkeit von Websites zum Setzen von Cookies einschr\u00e4nken, kann sich Ihr Benutzererlebnis insgesamt verschlechtern, da es nicht mehr auf Sie zugeschnitten ist. Es kann Sie auch daran hindern, benutzerdefinierte Einstellungen wie Anmeldeinformationen zu speichern. Browserhersteller stellen in ihren Produkten Hilfeseiten zur Cookie-Verwaltung bereit. Weitere Informationen finden Sie unten.<\/p>\n<p>Browserhersteller stellen in ihren Produkten Hilfeseiten zur Cookie-Verwaltung bereit. Weitere Informationen finden Sie unten.<\/p>\n<ul>\n<li><a href=\"https:\/\/support.google.com\/chrome\/answer\/95647?hl=en\"><strong>Google Chrome<\/strong><\/a><\/li>\n<li><a href=\"https:\/\/support.microsoft.com\/en-us\/kb\/260971\"><strong>Internet Explorer<\/strong><\/a><\/li>\n<li><a href=\"https:\/\/support.mozilla.org\/en-US\/kb\/cookies-information-websites-store-on-your-computer\"><strong>Mozilla-Firefox<\/strong><\/a><\/li>\n<li><a href=\"https:\/\/support.apple.com\/en-in\/guide\/safari\/sfri11471\/mac\"><strong>Safari (Desktop)<\/strong><\/a><\/li>\n<li><a href=\"https:\/\/support.apple.com\/en-us\/HT201265\"><strong>Safari (Handy)<\/strong><\/a><\/li>\n<li><a href=\"http:\/\/support.google.com\/ics\/nexus\/bin\/answer.py?hl=en&amp;answer=2425067\"><strong>Android-Browser<\/strong><\/a><\/li>\n<li><a href=\"http:\/\/www.opera.com\/help\"><strong>Oper<\/strong><\/a><\/li>\n<li><a href=\"http:\/\/www.opera.com\/help\/mobile\/android#privacy\"><strong>Opera Mobile<\/strong><\/a><\/li>\n<\/ul>\n<p><strong>Haftungsausschluss<\/strong><\/p>\n<p>Wir k\u00f6nnen diese Cookie-Erkl\u00e4rung von Zeit zu Zeit aktualisieren, um beispielsweise \u00c4nderungen an den von uns verwendeten Cookies widerzuspiegeln oder aus anderen betrieblichen, rechtlichen oder regulatorischen Gr\u00fcnden. Bitte besuchen Sie diese Cookie-Erkl\u00e4rung daher regelm\u00e4\u00dfig, um \u00fcber unsere Verwendung von Cookies und verwandten Technologien auf dem Laufenden zu bleiben. F\u00fcr weitere Informationen zu Cookies k\u00f6nnen Sie sich an info@nisiano.com wenden<\/p><p><br><\/p>\t\t\t\t\t\t<\/div>\n\t\t\t\t<\/div>\n\t\t\t\t\t<\/div>\n\t\t<\/div>\n\t\t\t\t\t\t\t<\/div>\n\t\t<\/section>\n\t\t\t\t\t\t\t<\/div>\n\t\t","protected":false},"excerpt":{"rendered":"<p>Cookie-Richtlinie Was ist ein Keks? Ein Cookie ist eine kleine Textdatei, die auf Ihrem Computer oder einem anderen mit dem Internet verbundenen Ger\u00e4t gespeichert wird, um Ihren Browser zu identifizieren, Analysen bereitzustellen und Informationen \u00fcber Sie wie Ihre Spracheinstellung oder Anmeldeinformationen zu speichern. Sie sind absolut sicher und k\u00f6nnen nicht verwendet werden, um Programme auszuf\u00fchren [&hellip;]<\/p>\n","protected":false},"author":1,"featured_media":0,"parent":0,"menu_order":0,"comment_status":"closed","ping_status":"closed","template":"elementor_header_footer","meta":{"footnotes":""},"class_list":["post-2092","page","type-page","status-publish","hentry"],"_links":{"self":[{"href":"https:\/\/nisiano.com\/de\/wp-json\/wp\/v2\/pages\/2092","targetHints":{"allow":["GET"]}}],"collection":[{"href":"https:\/\/nisiano.com\/de\/wp-json\/wp\/v2\/pages"}],"about":[{"href":"https:\/\/nisiano.com\/de\/wp-json\/wp\/v2\/types\/page"}],"author":[{"embeddable":true,"href":"https:\/\/nisiano.com\/de\/wp-json\/wp\/v2\/users\/1"}],"replies":[{"embeddable":true,"href":"https:\/\/nisiano.com\/de\/wp-json\/wp\/v2\/comments?post=2092"}],"version-history":[{"count":1,"href":"https:\/\/nisiano.com\/de\/wp-json\/wp\/v2\/pages\/2092\/revisions"}],"predecessor-version":[{"id":2093,"href":"https:\/\/nisiano.com\/de\/wp-json\/wp\/v2\/pages\/2092\/revisions\/2093"}],"wp:attachment":[{"href":"https:\/\/nisiano.com\/de\/wp-json\/wp\/v2\/media?parent=2092"}],"curies":[{"name":"wp","href":"https:\/\/api.w.org\/{rel}","templated":true}]}}